{"id":2850,"date":"2024-04-15T15:15:09","date_gmt":"2024-04-15T15:15:09","guid":{"rendered":"https:\/\/metra.com.tr\/?page_id=2850"},"modified":"2024-04-15T15:17:27","modified_gmt":"2024-04-15T15:17:27","slug":"veri-sahibi-basvuru-formu","status":"publish","type":"page","link":"https:\/\/metra.com.tr\/en\/veri-sahibi-basvuru-formu\/","title":{"rendered":"Data Subject Application Form"},"content":{"rendered":"<div data-elementor-type=\"wp-page\" data-elementor-id=\"2850\" class=\"elementor elementor-2850\">\n\t\t\t\t\t\t\t<div class=\"elementor-element elementor-element-7b23db6 e-con-full e-flex e-con e-parent\" data-id=\"7b23db6\" data-element_type=\"container\" data-settings=\"{&quot;background_background&quot;:&quot;classic&quot;,&quot;content_width&quot;:&quot;full&quot;}\" data-core-v316-plus=\"true\">\n\t\t\t\t<div class=\"elementor-element elementor-element-25b4ef8 elementor-widget__width-inherit elementor-widget elementor-widget-hub_fancy_heading\" data-id=\"25b4ef8\" data-element_type=\"widget\" data-widget_type=\"hub_fancy_heading.default\">\n\t\t\t\t<div class=\"elementor-widget-container\">\n\t\t\t\n\t\t<div id=\"ld-fancy-heading-69f3fb0b619c3\" class=\"ld-fancy-heading pos-rel\">\n\t\t\t<h1 class=\"ld-fh-element d-inline-block pos-rel  elementor-heading-title lqd-highlight-classic lqd-highlight-grow-left h1\"  > Data Subject Application Form<\/h1>\t\t<\/div>\n\n\t\t\t\t<\/div>\n\t\t\t\t<\/div>\n\t\t\t\t<div class=\"elementor-element elementor-element-30fb3cd elementor-widget-divider--view-line elementor-widget elementor-widget-divider\" data-id=\"30fb3cd\" data-element_type=\"widget\" data-widget_type=\"divider.default\">\n\t\t\t\t<div class=\"elementor-widget-container\">\n\t\t\t<style>\/*! elementor - v3.18.0 - 20-12-2023 *\/\n.elementor-widget-divider{--divider-border-style:none;--divider-border-width:1px;--divider-color:#0c0d0e;--divider-icon-size:20px;--divider-element-spacing:10px;--divider-pattern-height:24px;--divider-pattern-size:20px;--divider-pattern-url:none;--divider-pattern-repeat:repeat-x}.elementor-widget-divider .elementor-divider{display:flex}.elementor-widget-divider .elementor-divider__text{font-size:15px;line-height:1;max-width:95%}.elementor-widget-divider .elementor-divider__element{margin:0 var(--divider-element-spacing);flex-shrink:0}.elementor-widget-divider .elementor-icon{font-size:var(--divider-icon-size)}.elementor-widget-divider .elementor-divider-separator{display:flex;margin:0;direction:ltr}.elementor-widget-divider--view-line_icon .elementor-divider-separator,.elementor-widget-divider--view-line_text .elementor-divider-separator{align-items:center}.elementor-widget-divider--view-line_icon .elementor-divider-separator:after,.elementor-widget-divider--view-line_icon .elementor-divider-separator:before,.elementor-widget-divider--view-line_text .elementor-divider-separator:after,.elementor-widget-divider--view-line_text .elementor-divider-separator:before{display:block;content:\"\";border-bottom:0;flex-grow:1;border-top:var(--divider-border-width) var(--divider-border-style) var(--divider-color)}.elementor-widget-divider--element-align-left .elementor-divider .elementor-divider-separator>.elementor-divider__svg:first-of-type{flex-grow:0;flex-shrink:100}.elementor-widget-divider--element-align-left .elementor-divider-separator:before{content:none}.elementor-widget-divider--element-align-left .elementor-divider__element{margin-left:0}.elementor-widget-divider--element-align-right .elementor-divider .elementor-divider-separator>.elementor-divider__svg:last-of-type{flex-grow:0;flex-shrink:100}.elementor-widget-divider--element-align-right .elementor-divider-separator:after{content:none}.elementor-widget-divider--element-align-right .elementor-divider__element{margin-right:0}.elementor-widget-divider:not(.elementor-widget-divider--view-line_text):not(.elementor-widget-divider--view-line_icon) .elementor-divider-separator{border-top:var(--divider-border-width) var(--divider-border-style) var(--divider-color)}.elementor-widget-divider--separator-type-pattern{--divider-border-style:none}.elementor-widget-divider--separator-type-pattern.elementor-widget-divider--view-line .elementor-divider-separator,.elementor-widget-divider--separator-type-pattern:not(.elementor-widget-divider--view-line) .elementor-divider-separator:after,.elementor-widget-divider--separator-type-pattern:not(.elementor-widget-divider--view-line) .elementor-divider-separator:before,.elementor-widget-divider--separator-type-pattern:not([class*=elementor-widget-divider--view]) .elementor-divider-separator{width:100%;min-height:var(--divider-pattern-height);-webkit-mask-size:var(--divider-pattern-size) 100%;mask-size:var(--divider-pattern-size) 100%;-webkit-mask-repeat:var(--divider-pattern-repeat);mask-repeat:var(--divider-pattern-repeat);background-color:var(--divider-color);-webkit-mask-image:var(--divider-pattern-url);mask-image:var(--divider-pattern-url)}.elementor-widget-divider--no-spacing{--divider-pattern-size:auto}.elementor-widget-divider--bg-round{--divider-pattern-repeat:round}.rtl .elementor-widget-divider .elementor-divider__text{direction:rtl}.e-con-inner>.elementor-widget-divider,.e-con>.elementor-widget-divider{width:var(--container-widget-width,100%);--flex-grow:var(--container-widget-flex-grow)}<\/style>\t\t<div class=\"elementor-divider\">\n\t\t\t<span class=\"elementor-divider-separator\">\n\t\t\t\t\t\t<\/span>\n\t\t<\/div>\n\t\t\t\t<\/div>\n\t\t\t\t<\/div>\n\t\t\t\t<\/div>\n\t\t<div class=\"elementor-element elementor-element-18841dd e-con-full e-flex e-con e-parent\" data-id=\"18841dd\" data-element_type=\"container\" data-settings=\"{&quot;content_width&quot;:&quot;full&quot;}\" data-core-v316-plus=\"true\">\n\t\t<div class=\"elementor-element elementor-element-700ed9a e-con-full e-flex e-con e-child\" data-id=\"700ed9a\" data-element_type=\"container\" data-settings=\"{&quot;content_width&quot;:&quot;full&quot;}\">\n\t\t\t\t<div class=\"elementor-element elementor-element-a4ef456 elementor-widget elementor-widget-text-editor\" data-id=\"a4ef456\" data-element_type=\"widget\" data-widget_type=\"text-editor.default\">\n\t\t\t\t<div class=\"elementor-widget-container\">\n\t\t\t<style>\/*! elementor - v3.18.0 - 20-12-2023 *\/\n.elementor-widget-text-editor.elementor-drop-cap-view-stacked .elementor-drop-cap{background-color:#69727d;color:#fff}.elementor-widget-text-editor.elementor-drop-cap-view-framed .elementor-drop-cap{color:#69727d;border:3px solid;background-color:transparent}.elementor-widget-text-editor:not(.elementor-drop-cap-view-default) .elementor-drop-cap{margin-top:8px}.elementor-widget-text-editor:not(.elementor-drop-cap-view-default) .elementor-drop-cap-letter{width:1em;height:1em}.elementor-widget-text-editor .elementor-drop-cap{float:left;text-align:center;line-height:1;font-size:50px}.elementor-widget-text-editor .elementor-drop-cap-letter{display:inline-block}<\/style>\t\t\t\t<ol><li><strong>Ba\u015fvuru Y\u00f6ntemi<\/strong><\/li><\/ol><p>6698 say\u0131l\u0131 Ki\u015fisel Verilerin Korunmas\u0131 Kanunu\u2019nun (\u201cKanun\u201d) 11. Maddesinde say\u0131lan haklar\u0131n\u0131z kapsam\u0131ndaki taleplerinizi, Kanun\u2019un 13. maddesi ile Veri Sorumlusuna Ba\u015fvuru Usul ve Esaslar\u0131 Hakk\u0131nda Tebli\u011f\u2019in 5. maddesi gere\u011fince, i\u015fbu form ile a\u015fa\u011f\u0131da a\u00e7\u0131klanan 4 y\u00f6ntemden biriyle \u015eirketimize iletebilirsiniz.<\/p><table><tbody><tr><td width=\"103\"><p><strong>\u00a0<\/strong><\/p><\/td><td width=\"152\"><p><strong>BA\u015eVURU Y\u00d6NTEM\u0130<\/strong><\/p><\/td><td width=\"207\"><p><strong>BA\u015eVURU YAPILACAK ADRES<\/strong><\/p><\/td><td width=\"142\"><p><strong>BA\u015eVURUDA G\u00d6STER\u0130LECEK B\u0130LG\u0130<\/strong><\/p><\/td><\/tr><tr><td width=\"103\"><p><strong>Yaz\u0131l\u0131 Ba\u015fvuru<\/strong><\/p><\/td><td width=\"152\"><p>Islak imzal\u0131 \u015fahsen ba\u015fvuru veya Noter vas\u0131tas\u0131yla<\/p><\/td><td width=\"207\"><p>Ramazano\u011flu Mahallesi, Altun Sokak, No: 4<\/p><p>Kurtk\u00f6y \u2013 Pendik \u0130STANBUL<\/p><p><strong>\u00a0<\/strong><\/p><\/td><td width=\"142\"><p>Zarf\u0131n\/tebligat\u0131n \u00fczerine \u201cKi\u015fisel Verilerin Korunmas\u0131 Kanunu Kapsam\u0131nda Bilgi Talebi\u201d yaz\u0131lacakt\u0131r.<\/p><\/td><\/tr><tr><td width=\"103\"><p><strong>Kay\u0131tl\u0131 Elektronik Posta (KEP) ile Ba\u015fvuru<\/strong><\/p><\/td><td width=\"152\"><p>Kay\u0131tl\u0131 elektronik posta (KEP) adresi ile<\/p><\/td><td width=\"207\"><p><strong>\u00a0<\/strong><\/p><\/td><td width=\"142\"><p>E-posta\u2019n\u0131n konu k\u0131sm\u0131na \u201cKi\u015fisel Verilerin Korunmas\u0131 Kanunu Bilgi Talebi\u201d yaz\u0131lacakt\u0131r<\/p><\/td><\/tr><tr><td width=\"103\"><p><strong>Elektronik Posta Adresi ile Ba\u015fvuru<\/strong><\/p><\/td><td width=\"152\"><p>\u015eirketimizin sisteminde kay\u0131tl\u0131 bulunan elektronik posta adresiniz ile veya mobil imza\/e-imza i\u00e7erecek bi\u00e7imde \u015eirketimizin sisteminde bulunmayan elektronik posta adresinizi kullanmak suretiyle<\/p><\/td><td width=\"207\"><p>info@metrack.com.tr<\/p><\/td><td width=\"142\"><p>E-posta\u2019n\u0131n konu k\u0131sm\u0131na \u201cKi\u015fisel Verilerin Korunmas\u0131 Kanunu Bilgi Talebi\u201d yaz\u0131lacakt\u0131r.<\/p><\/td><\/tr><\/tbody><\/table><p><strong>\u00a0<\/strong><\/p><ol start=\"2\"><li><strong>Kimlik ve \u0130leti\u015fim Bilgileriniz<\/strong><\/li><\/ol><p>L\u00fctfen sizinle ileti\u015fime ge\u00e7ebilmemiz ve kimli\u011finizi do\u011frulayabilmemiz ad\u0131na a\u015fa\u011f\u0131daki alanlar\u0131 doldurunuz.<\/p><table><tbody><tr><td width=\"302\"><p>Ad Soyad<\/p><\/td><td width=\"302\"><p>\u00a0<\/p><\/td><\/tr><tr><td width=\"302\"><p>T.C. Kimlik Numaras\u0131 \/ Di\u011fer \u00dclke Vatanda\u015flar\u0131 i\u00e7in Pasaport Numaras\u0131 veya Kimlik Numaras\u0131<\/p><\/td><td width=\"302\"><p>\u00a0<\/p><\/td><\/tr><tr><td width=\"302\"><p>Tebligata Esas Yerle\u015fim Yeri Adresi \/ \u0130\u015f Yeri Adresi<\/p><p>\u00a0<\/p><\/td><td width=\"302\"><p>\u00a0<\/p><\/td><\/tr><tr><td width=\"302\"><p>Telefon Numaras\u0131<\/p><p>\u00a0<\/p><\/td><td width=\"302\"><p>\u00a0<\/p><\/td><\/tr><tr><td width=\"302\"><p>E-posta Adresi<\/p><p>\u00a0<\/p><p>\u00a0<\/p><p>\u00a0<\/p><p>\u00a0<\/p><p>\u00a0<\/p><p>\u00a0<\/p><p>\u00a0<\/p><\/td><td width=\"302\"><p>\u00a0<\/p><\/td><\/tr><\/tbody><\/table><ol start=\"3\"><li><strong>\u015eirket ile \u0130li\u015fkiniz<\/strong><\/li><\/ol><table><tbody><tr><td width=\"131\"><p>M\u00fc\u015fteri<\/p><\/td><td width=\"144\"><p>Business Partner<\/p><p>\u00a0<\/p><p>\u00a0<\/p><\/td><\/tr><tr><td width=\"131\"><br \/><p>Visitor<\/p><\/td><td width=\"144\"><p>Di\u011fer (Belirtiniz)<\/p><\/td><\/tr><tr><td colspan=\"2\" width=\"275\"><p>\u015eirketimiz i\u00e7erisinde ileti\u015fimde oldu\u011funuz birim:<\/p><p>\u00a0<\/p><\/td><\/tr><\/tbody><\/table><table><tbody><tr><td width=\"275\"><p>Eski \u00c7al\u0131\u015fan\u0131m:<\/p><\/td><\/tr><tr><td width=\"275\"><p>\u0130\u015f Ba\u015fvurusu \/ \u00d6zge\u00e7mi\u015f Payla\u015f\u0131m\u0131 Yapt\u0131m:<\/p><\/td><\/tr><tr><td width=\"275\"><p>\u00dc\u00e7\u00fcnc\u00fc Ki\u015fi Firma \u00c7al\u0131\u015fan\u0131y\u0131m:<\/p><\/td><\/tr><\/tbody><\/table><p><strong>\u00a0<\/strong><\/p><ol start=\"4\"><li><strong>Talep Konusu<\/strong><\/li><\/ol><table><tbody><tr><td width=\"604\"><p>Ki\u015fisel verilerinize ili\u015fkin talebinizi a\u015fa\u011f\u0131da a\u00e7\u0131k\u00e7a yazman\u0131z\u0131 rica ederiz. Konuya ili\u015fkin bilgi ve belgeler ba\u015fvuruya eklenmelidir.<\/p><\/td><\/tr><tr><td width=\"604\"><p><strong>\u00a0<\/strong><\/p><p><strong>\u00a0<\/strong><\/p><p><strong>\u00a0<\/strong><\/p><p><strong>\u00a0<\/strong><\/p><p><strong>\u00a0<\/strong><\/p><p><strong>\u00a0<\/strong><\/p><p><strong>\u00a0<\/strong><\/p><p><strong>\u00a0<\/strong><\/p><p><strong>\u00a0<\/strong><\/p><p><strong>\u00a0<\/strong><\/p><p><strong>\u00a0<\/strong><\/p><p><strong>\u00a0<\/strong><\/p><p><strong>\u00a0<\/strong><\/p><p><strong>\u00a0<\/strong><\/p><p><strong>\u00a0<\/strong><\/p><\/td><\/tr><\/tbody><\/table><p><strong>\u00a0<\/strong><\/p><p>\u015eirketimize iletilmi\u015f olan talepleriniz Kanun\u2019un 13\u2019\u00fcnc\u00fc maddesinin 2\u2019inci f\u0131kras\u0131 gere\u011fince, talebin niteli\u011fine g\u00f6re talebinizin bizlere ula\u015ft\u0131\u011f\u0131 tarihten itibaren otuz g\u00fcn i\u00e7inde yan\u0131tland\u0131r\u0131lacakt\u0131r. Yan\u0131tlar\u0131m\u0131z ilgili Kanun\u2019un 13\u2019\u00fcnc\u00fc maddesi h\u00fckm\u00fc gere\u011fince yaz\u0131l\u0131 veya elektronik ortamdan taraf\u0131n\u0131za ula\u015ft\u0131r\u0131lacakt\u0131r.<\/p><p><strong>\u00a0<\/strong><\/p><ol start=\"5\"><li><strong>Yan\u0131t\u0131n Taraf\u0131n\u0131za Bildirilme Y\u00f6ntemini Se\u00e7iniz<\/strong><\/li><\/ol><p><strong>\u00a0<\/strong><\/p><p>\u00a0<\/p><p>Yan\u0131t\u0131n ikinci b\u00f6l\u00fcm\u00fcnde sa\u011flam\u0131\u015f oldu\u011fum posta adresime g\u00f6nderilmesini istiyorum.<\/p><p>\u00a0<\/p><p>\u00a0<\/p><p>Yan\u0131t\u0131n ikinci b\u00f6l\u00fcm\u00fcnde sa\u011flam\u0131\u015f oldu\u011fum elektronik posta adresime g\u00f6nderilmesini istiyorum.<\/p><p>\u00a0<\/p><p>\u00a0<\/p><p>Yan\u0131t\u0131n ikinci b\u00f6l\u00fcm\u00fcnde sa\u011flam\u0131\u015f oldu\u011fum faks numarama g\u00f6nderilmesini istiyorum.<\/p><p>\u00a0<\/p><p>Yukar\u0131da belirtti\u011fim talepler do\u011frultusunda, \u015eirketimize yapm\u0131\u015f oldu\u011fum ba\u015fvurumun Kanun\u2019un 13. maddesi uyar\u0131nca de\u011ferlendirilerek taraf\u0131ma bilgi verilmesini rica ederim. \u0130\u015fbu Ba\u015fvuru Formu\u2019nda taraf\u0131n\u0131za sa\u011flam\u0131\u015f oldu\u011fum bilgi ve belgelerimin do\u011fru ve g\u00fcncel oldu\u011funu, \u015eirketimize ba\u015fvurumu sonu\u00e7land\u0131rabilmek ad\u0131na ilave bilgi talep edebilece\u011fini ve ayr\u0131ca bir maliyet gerektirmesi halinde Ki\u015fisel Verileri Koruma Kurulu taraf\u0131ndan belirlenen \u00fccreti \u00f6demem gerekebilece\u011fi hususunda ayd\u0131nlat\u0131ld\u0131\u011f\u0131m\u0131 beyan ve taahh\u00fct ederim.<\/p><p>\u00a0<\/p><p><strong>Ba\u015fvuruda Bulunan \u0130lgili Ki\u015fi (Ki\u015fisel Veri Sahibi) <\/strong><\/p><p>\u00a0<\/p><p>Ad\u0131 Soyad\u0131\u00a0\u00a0\u00a0\u00a0\u00a0\u00a0\u00a0\u00a0\u00a0\u00a0\u00a0\u00a0\u00a0\u00a0\u00a0\u00a0\u00a0\u00a0\u00a0\u00a0\u00a0\u00a0\u00a0\u00a0\u00a0\u00a0\u00a0\u00a0\u00a0\u00a0\u00a0\u00a0\u00a0 :<\/p><p>Ba\u015fvuru Tarihi \u00a0\u00a0\u00a0\u00a0\u00a0\u00a0\u00a0\u00a0\u00a0\u00a0\u00a0\u00a0\u00a0\u00a0\u00a0\u00a0\u00a0\u00a0\u00a0\u00a0\u00a0\u00a0\u00a0\u00a0\u00a0 :<\/p><p>\u0130mza \u00a0\u00a0\u00a0\u00a0\u00a0\u00a0\u00a0\u00a0\u00a0\u00a0\u00a0\u00a0\u00a0\u00a0\u00a0\u00a0\u00a0\u00a0\u00a0\u00a0\u00a0\u00a0\u00a0\u00a0\u00a0\u00a0\u00a0\u00a0\u00a0\u00a0\u00a0\u00a0\u00a0\u00a0\u00a0\u00a0\u00a0\u00a0\u00a0\u00a0\u00a0\u00a0\u00a0 :<\/p><p>\u00a0<\/p><p>\u00a0<\/p><p>\u00a0<\/p><p><em>\u00a0<\/em><\/p><p><em>\u00a0<\/em><\/p><p><em>\u00a0<\/em><\/p><p><em>\u00a0<\/em><\/p><p><em>\u00a0<\/em><\/p><p><em>\u0130\u015fbu Ba\u015fvuru Formu, \u015eirketimiz ile olan ili\u015fkinizi tespit ederek, varsa, \u015eirketimiz taraf\u0131ndan i\u015flenen ki\u015fisel verilerinizi eksiksiz olarak belirleyerek, ilgili talebinize do\u011fru ve kanuni s\u00fcresinde cevap verilebilmesi amac\u0131yla tanzim edilmi\u015ftir. \u0130\u015fbu Ba\u015fvuru Formu ile \u015eirketimize iletmi\u015f oldu\u011funuz talebinize ili\u015fkin olarak, hukuka ayk\u0131r\u0131 ve haks\u0131z bir \u015fekilde veri payla\u015f\u0131m\u0131ndan kaynaklanabilecek hukuki risklerin bertaraf edilmesi ve \u00f6zellikle ki\u015fisel verilerinizin g\u00fcvenli\u011finin sa\u011flanmas\u0131 maksad\u0131yla, kimlik do\u011frulama ve yetki tespiti i\u00e7in \u015eirketimiz ek evrak ve bilgi (N\u00fcfus c\u00fczdan\u0131, pasaport sureti vb.) talep etme hakk\u0131n\u0131 sakl\u0131 tutar. Ba\u015fvuru Formu kapsam\u0131nda iletmekte oldu\u011funuz taleplerinize ili\u015fkin bilgilerin do\u011fru ve g\u00fcncel olmamas\u0131 ya da yetkisiz bir ba\u015fvuru yap\u0131lmas\u0131 halinde \u015eirketimiz, s\u00f6z konusu yanl\u0131\u015f bilgi ya da yetkisiz ba\u015fvuru kaynakl\u0131 taleplerden dolay\u0131 mesuliyet kabul etmemektedir.<\/em><\/p><p>\u00a0<\/p><p>\u00a0<\/p>\t\t\t\t\t\t<\/div>\n\t\t\t\t<\/div>\n\t\t\t\t<\/div>\n\t\t\t\t<\/div>\n\t\t\t\t\t\t\t<\/div>","protected":false},"excerpt":{"rendered":"<p>Veri Sahibi Ba\u015fvuru Formu Ba\u015fvuru Y\u00f6ntemi 6698 say\u0131l\u0131 Ki\u015fisel Verilerin Korunmas\u0131 Kanunu\u2019nun (\u201cKanun\u201d) 11. Maddesinde say\u0131lan haklar\u0131n\u0131z kapsam\u0131ndaki taleplerinizi, Kanun\u2019un 13. maddesi ile Veri Sorumlusuna Ba\u015fvuru Usul ve Esaslar\u0131 Hakk\u0131nda Tebli\u011f\u2019in 5. maddesi gere\u011fince, i\u015fbu form ile a\u015fa\u011f\u0131da a\u00e7\u0131klanan 4 y\u00f6ntemden biriyle \u015eirketimize iletebilirsiniz. \u00a0 BA\u015eVURU Y\u00d6NTEM\u0130 BA\u015eVURU YAPILACAK ADRES BA\u015eVURUDA G\u00d6STER\u0130LECEK B\u0130LG\u0130 Yaz\u0131l\u0131 Ba\u015fvuru [&hellip;]<\/p>","protected":false},"author":1,"featured_media":0,"parent":0,"menu_order":0,"comment_status":"closed","ping_status":"closed","template":"","meta":{"footnotes":""},"class_list":["post-2850","page","type-page","status-publish","hentry"],"_links":{"self":[{"href":"https:\/\/metra.com.tr\/en\/wp-json\/wp\/v2\/pages\/2850","targetHints":{"allow":["GET"]}}],"collection":[{"href":"https:\/\/metra.com.tr\/en\/wp-json\/wp\/v2\/pages"}],"about":[{"href":"https:\/\/metra.com.tr\/en\/wp-json\/wp\/v2\/types\/page"}],"author":[{"embeddable":true,"href":"https:\/\/metra.com.tr\/en\/wp-json\/wp\/v2\/users\/1"}],"replies":[{"embeddable":true,"href":"https:\/\/metra.com.tr\/en\/wp-json\/wp\/v2\/comments?post=2850"}],"version-history":[{"count":4,"href":"https:\/\/metra.com.tr\/en\/wp-json\/wp\/v2\/pages\/2850\/revisions"}],"predecessor-version":[{"id":2855,"href":"https:\/\/metra.com.tr\/en\/wp-json\/wp\/v2\/pages\/2850\/revisions\/2855"}],"wp:attachment":[{"href":"https:\/\/metra.com.tr\/en\/wp-json\/wp\/v2\/media?parent=2850"}],"curies":[{"name":"wp","href":"https:\/\/api.w.org\/{rel}","templated":true}]}}