{"id":2818,"date":"2024-04-15T15:13:32","date_gmt":"2024-04-15T15:13:32","guid":{"rendered":"https:\/\/metra.com.tr\/?page_id=2818"},"modified":"2024-04-15T15:13:57","modified_gmt":"2024-04-15T15:13:57","slug":"cerez-kullanimi-aydinlatma-metni","status":"publish","type":"page","link":"https:\/\/metra.com.tr\/en\/cerez-kullanimi-aydinlatma-metni\/","title":{"rendered":"Cookie Usage Clarification Text"},"content":{"rendered":"<div data-elementor-type=\"wp-page\" data-elementor-id=\"2818\" class=\"elementor elementor-2818\">\n\t\t\t\t\t\t\t<div class=\"elementor-element elementor-element-7b23db6 e-con-full e-flex e-con e-parent\" data-id=\"7b23db6\" data-element_type=\"container\" data-settings=\"{&quot;background_background&quot;:&quot;classic&quot;,&quot;content_width&quot;:&quot;full&quot;}\" data-core-v316-plus=\"true\">\n\t\t\t\t<div class=\"elementor-element elementor-element-25b4ef8 elementor-widget__width-inherit elementor-widget elementor-widget-hub_fancy_heading\" data-id=\"25b4ef8\" data-element_type=\"widget\" data-widget_type=\"hub_fancy_heading.default\">\n\t\t\t\t<div class=\"elementor-widget-container\">\n\t\t\t\n\t\t<div id=\"ld-fancy-heading-69f720f8c7251\" class=\"ld-fancy-heading pos-rel\">\n\t\t\t<h1 class=\"ld-fh-element d-inline-block pos-rel  elementor-heading-title lqd-highlight-classic lqd-highlight-grow-left h1\"  > Cookie Usage Clarification Text<\/h1>\t\t<\/div>\n\n\t\t\t\t<\/div>\n\t\t\t\t<\/div>\n\t\t\t\t<div class=\"elementor-element elementor-element-30fb3cd elementor-widget-divider--view-line elementor-widget elementor-widget-divider\" data-id=\"30fb3cd\" data-element_type=\"widget\" data-widget_type=\"divider.default\">\n\t\t\t\t<div class=\"elementor-widget-container\">\n\t\t\t<style>\/*! elementor - v3.18.0 - 20-12-2023 *\/\n.elementor-widget-divider{--divider-border-style:none;--divider-border-width:1px;--divider-color:#0c0d0e;--divider-icon-size:20px;--divider-element-spacing:10px;--divider-pattern-height:24px;--divider-pattern-size:20px;--divider-pattern-url:none;--divider-pattern-repeat:repeat-x}.elementor-widget-divider .elementor-divider{display:flex}.elementor-widget-divider .elementor-divider__text{font-size:15px;line-height:1;max-width:95%}.elementor-widget-divider .elementor-divider__element{margin:0 var(--divider-element-spacing);flex-shrink:0}.elementor-widget-divider .elementor-icon{font-size:var(--divider-icon-size)}.elementor-widget-divider .elementor-divider-separator{display:flex;margin:0;direction:ltr}.elementor-widget-divider--view-line_icon .elementor-divider-separator,.elementor-widget-divider--view-line_text .elementor-divider-separator{align-items:center}.elementor-widget-divider--view-line_icon .elementor-divider-separator:after,.elementor-widget-divider--view-line_icon .elementor-divider-separator:before,.elementor-widget-divider--view-line_text .elementor-divider-separator:after,.elementor-widget-divider--view-line_text .elementor-divider-separator:before{display:block;content:\"\";border-bottom:0;flex-grow:1;border-top:var(--divider-border-width) var(--divider-border-style) var(--divider-color)}.elementor-widget-divider--element-align-left .elementor-divider .elementor-divider-separator>.elementor-divider__svg:first-of-type{flex-grow:0;flex-shrink:100}.elementor-widget-divider--element-align-left .elementor-divider-separator:before{content:none}.elementor-widget-divider--element-align-left .elementor-divider__element{margin-left:0}.elementor-widget-divider--element-align-right .elementor-divider .elementor-divider-separator>.elementor-divider__svg:last-of-type{flex-grow:0;flex-shrink:100}.elementor-widget-divider--element-align-right .elementor-divider-separator:after{content:none}.elementor-widget-divider--element-align-right .elementor-divider__element{margin-right:0}.elementor-widget-divider:not(.elementor-widget-divider--view-line_text):not(.elementor-widget-divider--view-line_icon) .elementor-divider-separator{border-top:var(--divider-border-width) var(--divider-border-style) var(--divider-color)}.elementor-widget-divider--separator-type-pattern{--divider-border-style:none}.elementor-widget-divider--separator-type-pattern.elementor-widget-divider--view-line .elementor-divider-separator,.elementor-widget-divider--separator-type-pattern:not(.elementor-widget-divider--view-line) .elementor-divider-separator:after,.elementor-widget-divider--separator-type-pattern:not(.elementor-widget-divider--view-line) .elementor-divider-separator:before,.elementor-widget-divider--separator-type-pattern:not([class*=elementor-widget-divider--view]) .elementor-divider-separator{width:100%;min-height:var(--divider-pattern-height);-webkit-mask-size:var(--divider-pattern-size) 100%;mask-size:var(--divider-pattern-size) 100%;-webkit-mask-repeat:var(--divider-pattern-repeat);mask-repeat:var(--divider-pattern-repeat);background-color:var(--divider-color);-webkit-mask-image:var(--divider-pattern-url);mask-image:var(--divider-pattern-url)}.elementor-widget-divider--no-spacing{--divider-pattern-size:auto}.elementor-widget-divider--bg-round{--divider-pattern-repeat:round}.rtl .elementor-widget-divider .elementor-divider__text{direction:rtl}.e-con-inner>.elementor-widget-divider,.e-con>.elementor-widget-divider{width:var(--container-widget-width,100%);--flex-grow:var(--container-widget-flex-grow)}<\/style>\t\t<div class=\"elementor-divider\">\n\t\t\t<span class=\"elementor-divider-separator\">\n\t\t\t\t\t\t<\/span>\n\t\t<\/div>\n\t\t\t\t<\/div>\n\t\t\t\t<\/div>\n\t\t\t\t<\/div>\n\t\t<div class=\"elementor-element elementor-element-18841dd e-con-full e-flex e-con e-parent\" data-id=\"18841dd\" data-element_type=\"container\" data-settings=\"{&quot;content_width&quot;:&quot;full&quot;}\" data-core-v316-plus=\"true\">\n\t\t<div class=\"elementor-element elementor-element-700ed9a e-con-full e-flex e-con e-child\" data-id=\"700ed9a\" data-element_type=\"container\" data-settings=\"{&quot;content_width&quot;:&quot;full&quot;}\">\n\t\t\t\t<div class=\"elementor-element elementor-element-a4ef456 elementor-widget elementor-widget-text-editor\" data-id=\"a4ef456\" data-element_type=\"widget\" data-widget_type=\"text-editor.default\">\n\t\t\t\t<div class=\"elementor-widget-container\">\n\t\t\t<style>\/*! elementor - v3.18.0 - 20-12-2023 *\/\n.elementor-widget-text-editor.elementor-drop-cap-view-stacked .elementor-drop-cap{background-color:#69727d;color:#fff}.elementor-widget-text-editor.elementor-drop-cap-view-framed .elementor-drop-cap{color:#69727d;border:3px solid;background-color:transparent}.elementor-widget-text-editor:not(.elementor-drop-cap-view-default) .elementor-drop-cap{margin-top:8px}.elementor-widget-text-editor:not(.elementor-drop-cap-view-default) .elementor-drop-cap-letter{width:1em;height:1em}.elementor-widget-text-editor .elementor-drop-cap{float:left;text-align:center;line-height:1;font-size:50px}.elementor-widget-text-editor .elementor-drop-cap-letter{display:inline-block}<\/style>\t\t\t\t<p>\u0130\u015fbu \u00c7erez Kullan\u0131m\u0131 Ayd\u0131nlatma Metni, 6698 say\u0131l\u0131 Ki\u015fisel Verilerin Korunmas\u0131 Kanunu\u2019nun (\u201cKanun\u201d veya \u201cKVK Kanunu\u201d) m. 10 ile Ayd\u0131nlatma Y\u00fck\u00fcml\u00fcl\u00fc\u011f\u00fcn\u00fcn Yerine Getirilmesinde Uyulacak Usul ve Esaslar Hakk\u0131nda Tebli\u011f kapsam\u0131nda veri sorumlusu s\u0131fat\u0131yla \u2018\u2018METRA KAB\u0130N S\u0130STEMLER\u0130 ELEKTR\u0130K SANAY\u0130 VE T\u0130CARET L\u0130M\u0130TED \u015e\u0130RKET\u0130&#8221; veya &#8220;\u015eirket&#8221; olarak an\u0131lacakt\u0131r) taraf\u0131ndan haz\u0131rlanm\u0131\u015ft\u0131r. Bu metnin amac\u0131, internet sitemizde kullan\u0131lan \u00e7erezlerin cihaz\u0131n\u0131za yerle\u015ftirilmesi arac\u0131l\u0131\u011f\u0131yla otomatik yolla elde edilen ki\u015fisel verilerin i\u015flenmesine ili\u015fkin olarak, hangi ama\u00e7larla hangi t\u00fcr \u00e7erezleri kulland\u0131\u011f\u0131m\u0131z\u0131 ve bu \u00e7erezleri nas\u0131l y\u00f6netebilece\u011finiz hakk\u0131nda sizlere bilgi vermektir. \u0130nternet sitemizde kulland\u0131\u011f\u0131m\u0131z, zorunlu \u00e7erezler haricindeki \u00e7erezler i\u00e7in, kullan\u0131c\u0131lar\u0131n a\u00e7\u0131k r\u0131zalar\u0131 al\u0131nmakta ve istedikleri zaman r\u0131zalar\u0131n\u0131 de\u011fi\u015ftirebilme olana\u011f\u0131 sa\u011flanmaktad\u0131r. Kullan\u0131c\u0131lar \u00e7erez y\u00f6netim paneli \u00fczerinden, internet sitemizde kullan\u0131lan \u00e7erez \u00e7e\u015fitlerini g\u00f6rebilmekte ve Zorunlu \u00c7erezler d\u0131\u015f\u0131nda kalan t\u00fcm \u00e7erezler i\u00e7in \u201ca\u00e7\u0131k\u201d veya \u201ckapal\u0131\u201d se\u00e7enekleri ile tercihlerini belirleyebilmektedirler. Yine bu panel \u00fczerinden kullan\u0131c\u0131lar tercihlerini her zaman de\u011fi\u015ftirebilmektedirler.<\/p><p>Metra Kabin olarak, internet sitelerimizi (&#8220;Site&#8221;) kullan\u0131m\u0131n\u0131z veya ziyaretiniz s\u0131ras\u0131nda sizlerin deneyimini geli\u015ftirmek i\u00e7in \u00e7erezler, pikseller, GIFler vb. birtak\u0131m teknolojilerden faydalanmaktay\u0131z.<\/p><p>Metra Kabin olarak sitemizde kulland\u0131\u011f\u0131m\u0131z \u00e7erezleri kullanmaktan vazge\u00e7ebilir, bunlar\u0131n t\u00fcrlerini veya fonksiyonlar\u0131n\u0131 de\u011fi\u015ftirebilir veya sitemize ve uygulamam\u0131za yeni \u00e7erezler ekleyebiliriz. Dolay\u0131s\u0131yla i\u015fbu \u00c7erez Ayd\u0131nlatma Metni&#8217;nin h\u00fck\u00fcmlerini diledi\u011fimiz zaman de\u011fi\u015ftirme hakk\u0131n\u0131 sakl\u0131 tutar\u0131z. G\u00fcncel \u00c7erez Ayd\u0131nlatma Metni \u00fczerinde ger\u00e7ekle\u015ftirilmi\u015f olan her t\u00fcrl\u00fc de\u011fi\u015fiklik sitede veya herhangi bir kamuya a\u00e7\u0131k mecrada yay\u0131nlanmakla birlikte y\u00fcr\u00fcrl\u00fck kazanacakt\u0131r. Son g\u00fcncelleme tarihini metnin sonunda bulabilirsiniz.<\/p><p>Ki\u015fisel verilerinizin \u015eirketimiz taraf\u0131ndan i\u015flenme ama\u00e7lar\u0131 konusunda detayl\u0131 bilgilere; https:\/\/metrack.com.tr\/ adresinde yer alan METRA KAB\u0130N S\u0130STEMLER\u0130 ELEKTR\u0130K SANAY\u0130 VE T\u0130CARET L\u0130M\u0130TED \u015e\u0130RKET\u0130 Ki\u015fisel Verilerin Korunmas\u0131 ve \u0130\u015flenmesi Politikas\u0131&#8217;ndan (POL.03) ula\u015fabilirsiniz.<\/p><p><strong>Ki\u015fisel Verilerin Hangi Ama\u00e7larla \u0130\u015flenece\u011fi ve Hukuki Sebepler<\/strong><\/p><p>Metra Kabin olarak Site\u2019de kullan\u0131lan \u00e7erezler, KVK Kanunu m. 5\u2019te belirtilen ki\u015fisel veri i\u015fleme \u015fartlar\u0131ndan bir veya birka\u00e7\u0131na dayal\u0131 olarak KVK Kanunu m. 4\u2019te belirtilen ki\u015fisel veri i\u015fleme ilkelerine uygun olarak i\u015flenmektedir. Metra Kabin olarak Site\u2019de \u00e7e\u015fitli ama\u00e7larla \u00e7erezler kullanmakta ve bu \u00e7erezler vas\u0131tas\u0131yla ki\u015fisel verilerinizi i\u015flemekteyiz. Bu ama\u00e7lar ba\u015fl\u0131ca \u015funlard\u0131r:<\/p><ul><li><strong>Site\u2019nin \u00e7al\u0131\u015fmas\u0131 i\u00e7in gerekli temel fonksiyonlar\u0131 ger\u00e7ekle\u015ftirmek amac\u0131yla kullan\u0131lan \u201cZorunlu \u00c7erezler\u201d:<\/strong> Bu \u00e7erezler internet sitemizin \u00e7al\u0131\u015fmas\u0131 amac\u0131yla gerekli olan \u00e7erezlerdir. S\u00f6z konusu \u00e7erezler birinci taraf \u00e7erezler olup oturum s\u00fcresince (gizlilik tercihlerinize dair \u00e7erezler hari\u00e7 olmak \u00fczere, zira bu \u00e7erezler oturum s\u00fcresinden daha uzun \u00f6m\u00fcrl\u00fcd\u00fcr) ki\u015fisel veri i\u015flemekte, oturum sonland\u0131\u011f\u0131nda otomatikman silinmektedirler. Talep etmi\u015f oldu\u011funuz bir bilgi toplumu hizmetinin (\u00f6rne\u011fin, form doldurma ve gizlilik tercihlerinin hat\u0131rlanmas\u0131) yerine getirilebilmesi amac\u0131yla kullan\u0131lmaktad\u0131r. Bu \u00e7erezler arac\u0131l\u0131\u011f\u0131yla toplanan ki\u015fisel verileriniz, KVK Kanunu m.5\/2-c uyar\u0131nca \u201c<em>Bir s\u00f6zle\u015fmenin kurulmas\u0131 veya ifas\u0131yla do\u011frudan do\u011fruya ilgili olmas\u0131 kayd\u0131yla, s\u00f6zle\u015fmenin taraflar\u0131na ait ki\u015fisel verilerin i\u015flenmesinin gerekli olmas\u0131\u201d<\/em> ve KVK Kanunu m.5\/2-f uyar\u0131nca <em>\u201c\u0130lgili ki\u015finin temel hak ve \u00f6zg\u00fcrl\u00fcklerine zarar vermemek kayd\u0131yla, veri sorumlusunun me\u015fru menfaatleri i\u00e7in veri i\u015flenmesinin zorunlu olmas\u0131\u201d <\/em>kapsam\u0131nda i\u015flenmektedir.<\/li><li><strong>Site\u2019yi analiz etmek, Site\u2019nin performans\u0131n\u0131 artt\u0131rmak amac\u0131yla kullan\u0131lan \u00fc\u00e7\u00fcnc\u00fc taraf \u201cPerformans \u00c7erezleri\u201d:<\/strong> Site\u2019nin \u00fczerinde \u00e7al\u0131\u015ft\u0131\u011f\u0131 farkl\u0131 sunucular\u0131n entegrasyonu, Site\u2019yi ziyaret edenlerin say\u0131s\u0131n\u0131n tespit edilmesi ve buna g\u00f6re performans ayarlar\u0131n\u0131n yap\u0131lmas\u0131 ya da ziyaret\u00e7ilerin arad\u0131klar\u0131n\u0131 bulmalar\u0131n\u0131n kolayla\u015ft\u0131r\u0131lmas\u0131 amac\u0131yla Kanun m.5\/1 kapsam\u0131nda a\u00e7\u0131k r\u0131zan\u0131z\u0131n al\u0131nmas\u0131 suretiyle i\u015flenmektedir.<\/li><\/ul><p>\u00a0<\/p><p>\u0130nternet sitemizde yer alan \u00e7erezlere ili\u015fkin bilgiler a\u015fa\u011f\u0131daki tabloda yer almaktad\u0131r.<\/p><p><strong>Site\u2019de Kullan\u0131lan \u00c7erezler \u00c7e\u015fitleri<\/strong><\/p><p>A\u015fa\u011f\u0131da Site\u2019de kulland\u0131\u011f\u0131m\u0131z farkl\u0131 t\u00fcrdeki \u00e7erezleri bulabilirsiniz. Site\u2019de a\u015fa\u011f\u0131da belirtilen hem birinci parti \u00e7erezler (ziyaret etti\u011finiz site taraf\u0131ndan yerle\u015ftirilen) hem de \u00fc\u00e7\u00fcnc\u00fc parti \u00e7erezleri (ziyaret etti\u011finiz site haricindeki sunucular taraf\u0131ndan yerle\u015ftirilen) kullan\u0131lmaktad\u0131r.<\/p><table><tbody><tr><td width=\"141\"><p><strong>\u00c7erez<\/strong><\/p><\/td><td width=\"170\"><p><strong>\u0130sim, S\u00fcre<\/strong><\/p><\/td><td width=\"293\"><p><strong>\u00c7erez Tipi, A\u00e7\u0131klama ve Tercihler<\/strong><\/p><\/td><\/tr><tr><td colspan=\"3\" width=\"604\"><p><strong>Analitik \u00c7erezler<\/strong><\/p><\/td><\/tr><tr><td width=\"141\"><p>Google analitikleri<\/p><\/td><td width=\"170\"><p>[VAR]<\/p><p>_ga[2 Y\u0131l]<\/p><p>_ga[2 Y\u0131l]<\/p><p>_gid[2 G\u00fcn]<\/p><\/td><td width=\"293\"><p>\u00dc\u00e7\u00fcnc\u00fc Taraf \u00c7erez (Google)<\/p><p>Bu t\u00fcr \u00e7erezler t\u00fcm istatistiksel verilerin toplanmas\u0131n\u0131 bu \u015fekilde Sitenin sunumunun ve kullan\u0131m\u0131n\u0131n geli\u015ftirilmesini sa\u011flar. Google, bu istatistiklere toplumsal istatistikler ve ilgilere ili\u015fkin veriler eklemek suretiyle, kullan\u0131c\u0131lar\u0131 daha iyi anlamam\u0131z\u0131 sa\u011flar.<\/p><p>Sitemiz, Google Analitik \u00e7erezleri kullanmaktad\u0131r. S\u00f6z konusu \u00e7erezler ile toplanan veriler, ABD&#8217;de bulunan Google sunucular\u0131na aktar\u0131lmakta ve s\u00f6z konusu veriler Google&#8217;\u0131n veri koruma ilkeleri ile uyumlu olarak muhafaza edilmektedir.<\/p><\/td><\/tr><tr><td colspan=\"3\" width=\"604\"><p><strong>Teknik \u00c7erezler<\/strong><\/p><\/td><\/tr><tr><td width=\"141\"><p>Oturum<\/p><\/td><td width=\"170\"><p>[VAR] statamic_session[20 dk]<\/p><\/td><td width=\"293\"><p>Birinci Taraf \u00c7erez<\/p><p>Oturum \u00e7erezleri oturumun s\u00fcreklili\u011finin sa\u011flanmas\u0131 amac\u0131yla kullan\u0131l\u0131r.<\/p><p>Taray\u0131c\u0131 ayarlar\u0131 arac\u0131\u011f\u0131yla kabul etmek ya da reddetmek m\u00fcmk\u00fcn\u00fcd\u00fcr.<\/p><\/td><\/tr><tr><td width=\"141\"><p>Google reCaptcha<\/p><\/td><td width=\"170\"><p>\u00a0<\/p><\/td><td width=\"293\"><p>Formlardaki g\u00fcvenlik i\u00e7in kullan\u0131lmaktad\u0131r.<\/p><\/td><\/tr><\/tbody><\/table><p>\u00a0<\/p><p><strong>\u0130\u015flenen Ki\u015fisel Verilerin Kimlere ve Hangi Ama\u00e7la Aktar\u0131labilece\u011fi <\/strong><\/p><p>Metra Kabin olarak i\u015fledi\u011fimiz ki\u015fisel verilerinizi, Kanun&#8217;un 8. ve 9. maddesi ba\u015fta olmak \u00fczere ulusal mevzuata uygun olarak \u00fc\u00e7\u00fcnc\u00fc \u015fah\u0131slara aktarabilmekteyiz.<\/p><p>Ki\u015fisel verilerinizi yukar\u0131da belirtilen ama\u00e7lar\u0131n ger\u00e7ekle\u015ftirilebilmesi ile s\u0131n\u0131rl\u0131 olarak ve mevzuata uygun \u015fekilde tedarik\u00e7ilerimize, kanunen yetkili kamu kurumlar\u0131na ve \u00f6zel ki\u015filere aktarabiliriz.<\/p><p>Site \u00fczerinde kullan\u0131lan baz\u0131 \u00e7erezler \u015eirket haricindeki \u00fc\u00e7\u00fcnc\u00fc parti servis sa\u011flay\u0131c\u0131 yurt d\u0131\u015f\u0131nda mukim Google taraf\u0131ndan sa\u011flanmaktad\u0131r. Bu \u00fc\u00e7\u00fcnc\u00fc parti \u00e7erezler, istatistiksel verilerin toplanmas\u0131n\u0131 ve bu \u015fekilde Site\u2019nin sunumunun ve kullan\u0131m\u0131n\u0131n geli\u015ftirilmesini sa\u011flamak amac\u0131yla kullan\u0131lmaktad\u0131r.<\/p><p>A\u00e7\u0131k r\u0131zan\u0131z\u0131 vermeniz halinde ki\u015fisel verileriniz Site\u2019nin sunumunun ve kullan\u0131m\u0131n\u0131n geli\u015ftirilmesini sa\u011flamak amac\u0131yla yurt d\u0131\u015f\u0131nda mukim Google Inc. ile, a\u00e7\u0131k r\u0131zan\u0131za dayal\u0131 olarak payla\u015f\u0131lmaktad\u0131r.<\/p><p><strong>\u00c7erezlerin Kullan\u0131m\u0131n\u0131 Nas\u0131l Kontrol Edebilirim? <\/strong><\/p><p>\u00c7erez ve benzeri teknolojilerin kullan\u0131m\u0131 konusunda ziyaret\u00e7i ve kullan\u0131c\u0131lar\u0131m\u0131z\u0131n tercihleri bizler i\u00e7in esast\u0131r. Buna kar\u015f\u0131n, Site\u2019nin \u00e7al\u0131\u015fmas\u0131 i\u00e7in zorunlu olan \u00c7erezler&#8217;in kullan\u0131lmas\u0131 gerekmektedir. Ek olarak taray\u0131c\u0131 \u00fczerinden baz\u0131 \u00e7erezlerin kapat\u0131lmas\u0131 halinde Site\u2019nin birtak\u0131m i\u015flevlerinin k\u0131smen ya da tamamen \u00e7al\u0131\u015fmayabilece\u011fini hat\u0131rlatmak isteriz.<\/p><p>Site\u2019de kullan\u0131lan \u00e7erezlere dair tercihlerinizi ne \u015fekilde y\u00f6netebilece\u011finize ili\u015fkin bilgiler a\u015fa\u011f\u0131daki gibidir:<\/p><ul><li>Ziyaret\u00e7iler, Site\u2019de g\u00f6r\u00fcnt\u00fcledikleri taray\u0131c\u0131 ayarlar\u0131n\u0131 de\u011fi\u015ftirerek \u00e7erezlere ili\u015fkin tercihlerini ki\u015fiselle\u015ftirme imkan\u0131na sahiptir. E\u011fer kullan\u0131lmakta olan taray\u0131c\u0131 bu imk\u00e2n\u0131 sunmaktaysa, taray\u0131c\u0131 ayarlar\u0131 \u00fczerinden \u00e7erezlere ili\u015fkin tercihleri de\u011fi\u015ftirmek m\u00fcmk\u00fcnd\u00fcr. B\u00f6ylelikle, taray\u0131c\u0131n\u0131n sunmu\u015f oldu\u011fu imk\u00e2nlara g\u00f6re farkl\u0131l\u0131k g\u00f6sterebilmekle birlikte, ziyaret\u00e7ilerin \u00e7erezlerin kullan\u0131lmas\u0131n\u0131 engelleme, \u00e7erez kullan\u0131lmadan \u00f6nce uyar\u0131 almay\u0131 tercih etme veya sadece baz\u0131 \u00e7erezleri devrede b\u0131rakma ya da silme imkanlar\u0131 bulunmaktad\u0131r.<\/li><li>Bu konudaki tercihler kullan\u0131lan taray\u0131c\u0131ya g\u00f6re de\u011fi\u015fiklik g\u00f6stermekle birlikte genel a\u00e7\u0131klamaya <a href=\"https:\/\/www.aboutcookies.org\/\">https:\/\/www.aboutcookies.org\/<\/a>\u202fadresinden ula\u015fmak m\u00fcmk\u00fcnd\u00fcr. \u00c7erezlere ili\u015fkin tercihlerin, ziyaret\u00e7inin Site\u2019ye eri\u015fim sa\u011flad\u0131\u011f\u0131 her bir cihaz \u00f6zelinde ayr\u0131 ayr\u0131 yap\u0131lmas\u0131 gerekebilecektir.<\/li><li>Google Analytics taraf\u0131ndan y\u00f6netilen \u00e7erezleri kapatmak i\u00e7in <a href=\"https:\/\/tools.google.com\/dlpage\/gaoptout\">t\u0131klay\u0131n\u0131z<\/a>.<\/li><li>Mobil cihazlar \u00fczerinden \u00e7erezleri y\u00f6netmek i\u00e7in mobil cihaza ait ayarlar men\u00fcs\u00fc kullan\u0131labilir.<\/li><li>Taray\u0131c\u0131n\u0131z\u0131n ayarlar\u0131n\u0131 de\u011fi\u015ftirerek \u00e7erezlere ili\u015fkin tercihlerinizi ki\u015fiselle\u015ftirme imkan\u0131na sahipsiniz.<\/li><\/ul><table><tbody><tr><td width=\"155\"><p>Adobe Analytics<\/p><\/td><td width=\"425\"><p>http:\/\/www.adobe.com\/uk\/privacy\/opt-out.html<\/p><\/td><\/tr><tr><td width=\"155\"><p>AOL<\/p><\/td><td width=\"425\"><p>https:\/\/help.aol.com\/articles\/restore-security-settings-and-enable-cookie-settings-on-browser<\/p><\/td><\/tr><tr><td width=\"155\"><p>Google Adwords<\/p><\/td><td width=\"425\"><p>https:\/\/support.google.com\/ads\/answer\/2662922?hl=en<\/p><\/td><\/tr><tr><td width=\"155\"><p>Google Analytics<\/p><\/td><td width=\"425\"><p>https:\/\/tools.google.com\/dlpage\/gaoptout<\/p><\/td><\/tr><tr><td width=\"155\"><p>Google Chrome<\/p><\/td><td width=\"425\"><p>http:\/\/www.google.com\/support\/chrome\/bin\/answer.py?hl=en&answer=95647<\/p><\/td><\/tr><tr><td width=\"155\"><p>Internet Explorer<\/p><\/td><td width=\"425\"><p>https:\/\/support.microsoft.com\/en-us\/help\/17442\/windows-internet-explorer-delete-manage-cookies<\/p><\/td><\/tr><tr><td width=\"155\"><p>MozillaFirefox<\/p><\/td><td width=\"425\"><p>http:\/\/support.mozilla.com\/en-US\/kb\/Cookies<\/p><\/td><\/tr><tr><td width=\"155\"><p>Opera<\/p><\/td><td width=\"425\"><p>http:\/\/www.opera.com\/browser\/tutorials\/security\/privacy\/<\/p><\/td><\/tr><tr><td width=\"155\"><p>Safari<\/p><\/td><td width=\"425\"><p>https:\/\/support.apple.com\/kb\/ph19214?locale=tr_TR<\/p><\/td><\/tr><\/tbody><\/table><p>\u00a0<\/p><p><strong>\u0130lgili Ki\u015filerin Talepleri<\/strong><\/p><p>KVK Kanunu&#8217;nun 11. maddesi uyar\u0131nca ilgili ki\u015filer;<\/p><ul><li>ki\u015fisel veri i\u015flenip i\u015flenmedi\u011fini \u00f6\u011frenme,<\/li><li>ki\u015fisel verileri i\u015flenmi\u015fse buna ili\u015fkin bilgi talep etme,<\/li><li>ki\u015fisel verilerin i\u015flenme amac\u0131n\u0131 ve bunlar\u0131n amac\u0131na uygun kullan\u0131l\u0131p kullan\u0131lmad\u0131\u011f\u0131n\u0131 \u00f6\u011frenme,<\/li><li>yurt i\u00e7inde veya yurt d\u0131\u015f\u0131nda ki\u015fisel verilerin aktar\u0131ld\u0131\u011f\u0131 \u00fc\u00e7\u00fcnc\u00fc ki\u015fileri bilme,<\/li><li>ki\u015fisel verilerin eksik veya yanl\u0131\u015f i\u015flenmi\u015f olmas\u0131 h\u00e2linde bunlar\u0131n d\u00fczeltilmesini isteme ve bu kapsamda yap\u0131lan i\u015flemin ki\u015fisel verilerin aktar\u0131ld\u0131\u011f\u0131 \u00fc\u00e7\u00fcnc\u00fc ki\u015filere bildirilmesini isteme,<\/li><li>KVK Kanunu ve ilgili di\u011fer kanun h\u00fck\u00fcmlerine uygun olarak i\u015flenmi\u015f olmas\u0131na ra\u011fmen, i\u015flenmesini gerektiren sebeplerin ortadan kalkmas\u0131 h\u00e2linde ki\u015fisel verilerin silinmesini veya yok edilmesini isteme ve bu kapsamda yap\u0131lan i\u015flemin ki\u015fisel verilerin aktar\u0131ld\u0131\u011f\u0131 \u00fc\u00e7\u00fcnc\u00fc ki\u015filere bildirilmesini isteme,<\/li><li>i\u015flenen verilerin m\u00fcnhas\u0131ran otomatik sistemler vas\u0131tas\u0131yla analiz edilmesi suretiyle ki\u015finin kendisi aleyhine bir sonucun ortaya \u00e7\u0131kmas\u0131na itiraz etme,<\/li><li>ki\u015fisel verilerin kanuna ayk\u0131r\u0131 olarak i\u015flenmesi sebebiyle zarara u\u011framas\u0131 h\u00e2linde zarar\u0131n giderilmesini talep etme<\/li><\/ul><p>haklar\u0131na sahiptir.<\/p><p>Yukar\u0131da s\u0131ralanan haklar\u0131n\u0131za y\u00f6nelik ba\u015fvurular\u0131n\u0131z\u0131, https:\/\/metrack.com.tr\/ adresinden ula\u015fabilece\u011finiz Veri Sahibi Ba\u015fvuru Formu&#8217;nu (POL.KVKK.003) doldurarak veya mevzuatta \u00f6ng\u00f6r\u00fclen sair y\u00f6ntemler ile \u015eirketimize iletebilirsiniz. Talebinizin niteli\u011fine g\u00f6re en k\u0131sa s\u00fcrede ve en ge\u00e7 otuz g\u00fcn i\u00e7inde ba\u015fvurular\u0131n\u0131z \u00fccretsiz olarak sonu\u00e7land\u0131r\u0131lacakt\u0131r; ancak i\u015flemin ayr\u0131ca bir maliyet gerektirmesi halinde Ki\u015fisel Verileri Koruma Kurulu taraf\u0131ndan belirlenecek tarifeye g\u00f6re taraf\u0131n\u0131zdan \u00fccret talep edilebilecektir.<\/p><p><strong>\u00a0<\/strong><\/p><p>\u00a0<\/p>\t\t\t\t\t\t<\/div>\n\t\t\t\t<\/div>\n\t\t\t\t<\/div>\n\t\t\t\t<\/div>\n\t\t\t\t\t\t\t<\/div>","protected":false},"excerpt":{"rendered":"<p>\u00c7erez Kullan\u0131m\u0131 Ayd\u0131nlatma Metni \u0130\u015fbu \u00c7erez Kullan\u0131m\u0131 Ayd\u0131nlatma Metni, 6698 say\u0131l\u0131 Ki\u015fisel Verilerin Korunmas\u0131 Kanunu\u2019nun (\u201cKanun\u201d veya \u201cKVK Kanunu\u201d) m. 10 ile Ayd\u0131nlatma Y\u00fck\u00fcml\u00fcl\u00fc\u011f\u00fcn\u00fcn Yerine Getirilmesinde Uyulacak Usul ve Esaslar Hakk\u0131nda Tebli\u011f kapsam\u0131nda veri sorumlusu s\u0131fat\u0131yla \u2018\u2018METRA KAB\u0130N S\u0130STEMLER\u0130 ELEKTR\u0130K SANAY\u0130 VE T\u0130CARET L\u0130M\u0130TED \u015e\u0130RKET\u0130&#8221; veya &#8220;\u015eirket&#8221; olarak an\u0131lacakt\u0131r) taraf\u0131ndan haz\u0131rlanm\u0131\u015ft\u0131r. Bu metnin amac\u0131, internet [&hellip;]<\/p>","protected":false},"author":1,"featured_media":0,"parent":0,"menu_order":0,"comment_status":"closed","ping_status":"closed","template":"","meta":{"footnotes":""},"class_list":["post-2818","page","type-page","status-publish","hentry"],"_links":{"self":[{"href":"https:\/\/metra.com.tr\/en\/wp-json\/wp\/v2\/pages\/2818","targetHints":{"allow":["GET"]}}],"collection":[{"href":"https:\/\/metra.com.tr\/en\/wp-json\/wp\/v2\/pages"}],"about":[{"href":"https:\/\/metra.com.tr\/en\/wp-json\/wp\/v2\/types\/page"}],"author":[{"embeddable":true,"href":"https:\/\/metra.com.tr\/en\/wp-json\/wp\/v2\/users\/1"}],"replies":[{"embeddable":true,"href":"https:\/\/metra.com.tr\/en\/wp-json\/wp\/v2\/comments?post=2818"}],"version-history":[{"count":4,"href":"https:\/\/metra.com.tr\/en\/wp-json\/wp\/v2\/pages\/2818\/revisions"}],"predecessor-version":[{"id":2835,"href":"https:\/\/metra.com.tr\/en\/wp-json\/wp\/v2\/pages\/2818\/revisions\/2835"}],"wp:attachment":[{"href":"https:\/\/metra.com.tr\/en\/wp-json\/wp\/v2\/media?parent=2818"}],"curies":[{"name":"wp","href":"https:\/\/api.w.org\/{rel}","templated":true}]}}