{"id":2804,"date":"2024-04-15T15:10:37","date_gmt":"2024-04-15T15:10:37","guid":{"rendered":"https:\/\/metra.com.tr\/?page_id=2804"},"modified":"2024-04-15T15:13:17","modified_gmt":"2024-04-15T15:13:17","slug":"metra-kabin-calisan-muvafakatnamesi","status":"publish","type":"page","link":"https:\/\/metra.com.tr\/en\/metra-kabin-calisan-muvafakatnamesi\/","title":{"rendered":"Metra Cabin Employee Consent Form"},"content":{"rendered":"<div data-elementor-type=\"wp-page\" data-elementor-id=\"2804\" class=\"elementor elementor-2804\">\n\t\t\t\t\t\t\t<div class=\"elementor-element elementor-element-7b23db6 e-con-full e-flex e-con e-parent\" data-id=\"7b23db6\" data-element_type=\"container\" data-settings=\"{&quot;background_background&quot;:&quot;classic&quot;,&quot;content_width&quot;:&quot;full&quot;}\" data-core-v316-plus=\"true\">\n\t\t\t\t<div class=\"elementor-element elementor-element-25b4ef8 elementor-widget__width-inherit elementor-widget elementor-widget-hub_fancy_heading\" data-id=\"25b4ef8\" data-element_type=\"widget\" data-widget_type=\"hub_fancy_heading.default\">\n\t\t\t\t<div class=\"elementor-widget-container\">\n\t\t\t\n\t\t<div id=\"ld-fancy-heading-69f55bca03cdb\" class=\"ld-fancy-heading pos-rel\">\n\t\t\t<h1 class=\"ld-fh-element d-inline-block pos-rel  elementor-heading-title lqd-highlight-classic lqd-highlight-grow-left h1\"  > Metra Cabin Employee Consent Form<\/h1>\t\t<\/div>\n\n\t\t\t\t<\/div>\n\t\t\t\t<\/div>\n\t\t\t\t<div class=\"elementor-element elementor-element-30fb3cd elementor-widget-divider--view-line elementor-widget elementor-widget-divider\" data-id=\"30fb3cd\" data-element_type=\"widget\" data-widget_type=\"divider.default\">\n\t\t\t\t<div class=\"elementor-widget-container\">\n\t\t\t<style>\/*! elementor - v3.18.0 - 20-12-2023 *\/\n.elementor-widget-divider{--divider-border-style:none;--divider-border-width:1px;--divider-color:#0c0d0e;--divider-icon-size:20px;--divider-element-spacing:10px;--divider-pattern-height:24px;--divider-pattern-size:20px;--divider-pattern-url:none;--divider-pattern-repeat:repeat-x}.elementor-widget-divider .elementor-divider{display:flex}.elementor-widget-divider .elementor-divider__text{font-size:15px;line-height:1;max-width:95%}.elementor-widget-divider .elementor-divider__element{margin:0 var(--divider-element-spacing);flex-shrink:0}.elementor-widget-divider .elementor-icon{font-size:var(--divider-icon-size)}.elementor-widget-divider .elementor-divider-separator{display:flex;margin:0;direction:ltr}.elementor-widget-divider--view-line_icon .elementor-divider-separator,.elementor-widget-divider--view-line_text .elementor-divider-separator{align-items:center}.elementor-widget-divider--view-line_icon .elementor-divider-separator:after,.elementor-widget-divider--view-line_icon .elementor-divider-separator:before,.elementor-widget-divider--view-line_text .elementor-divider-separator:after,.elementor-widget-divider--view-line_text .elementor-divider-separator:before{display:block;content:\"\";border-bottom:0;flex-grow:1;border-top:var(--divider-border-width) var(--divider-border-style) var(--divider-color)}.elementor-widget-divider--element-align-left .elementor-divider .elementor-divider-separator>.elementor-divider__svg:first-of-type{flex-grow:0;flex-shrink:100}.elementor-widget-divider--element-align-left .elementor-divider-separator:before{content:none}.elementor-widget-divider--element-align-left .elementor-divider__element{margin-left:0}.elementor-widget-divider--element-align-right .elementor-divider .elementor-divider-separator>.elementor-divider__svg:last-of-type{flex-grow:0;flex-shrink:100}.elementor-widget-divider--element-align-right .elementor-divider-separator:after{content:none}.elementor-widget-divider--element-align-right .elementor-divider__element{margin-right:0}.elementor-widget-divider:not(.elementor-widget-divider--view-line_text):not(.elementor-widget-divider--view-line_icon) .elementor-divider-separator{border-top:var(--divider-border-width) var(--divider-border-style) var(--divider-color)}.elementor-widget-divider--separator-type-pattern{--divider-border-style:none}.elementor-widget-divider--separator-type-pattern.elementor-widget-divider--view-line .elementor-divider-separator,.elementor-widget-divider--separator-type-pattern:not(.elementor-widget-divider--view-line) .elementor-divider-separator:after,.elementor-widget-divider--separator-type-pattern:not(.elementor-widget-divider--view-line) .elementor-divider-separator:before,.elementor-widget-divider--separator-type-pattern:not([class*=elementor-widget-divider--view]) .elementor-divider-separator{width:100%;min-height:var(--divider-pattern-height);-webkit-mask-size:var(--divider-pattern-size) 100%;mask-size:var(--divider-pattern-size) 100%;-webkit-mask-repeat:var(--divider-pattern-repeat);mask-repeat:var(--divider-pattern-repeat);background-color:var(--divider-color);-webkit-mask-image:var(--divider-pattern-url);mask-image:var(--divider-pattern-url)}.elementor-widget-divider--no-spacing{--divider-pattern-size:auto}.elementor-widget-divider--bg-round{--divider-pattern-repeat:round}.rtl .elementor-widget-divider .elementor-divider__text{direction:rtl}.e-con-inner>.elementor-widget-divider,.e-con>.elementor-widget-divider{width:var(--container-widget-width,100%);--flex-grow:var(--container-widget-flex-grow)}<\/style>\t\t<div class=\"elementor-divider\">\n\t\t\t<span class=\"elementor-divider-separator\">\n\t\t\t\t\t\t<\/span>\n\t\t<\/div>\n\t\t\t\t<\/div>\n\t\t\t\t<\/div>\n\t\t\t\t<\/div>\n\t\t<div class=\"elementor-element elementor-element-18841dd e-con-full e-flex e-con e-parent\" data-id=\"18841dd\" data-element_type=\"container\" data-settings=\"{&quot;content_width&quot;:&quot;full&quot;}\" data-core-v316-plus=\"true\">\n\t\t<div class=\"elementor-element elementor-element-700ed9a e-con-full e-flex e-con e-child\" data-id=\"700ed9a\" data-element_type=\"container\" data-settings=\"{&quot;content_width&quot;:&quot;full&quot;}\">\n\t\t\t\t<div class=\"elementor-element elementor-element-a4ef456 elementor-widget elementor-widget-text-editor\" data-id=\"a4ef456\" data-element_type=\"widget\" data-widget_type=\"text-editor.default\">\n\t\t\t\t<div class=\"elementor-widget-container\">\n\t\t\t<style>\/*! elementor - v3.18.0 - 20-12-2023 *\/\n.elementor-widget-text-editor.elementor-drop-cap-view-stacked .elementor-drop-cap{background-color:#69727d;color:#fff}.elementor-widget-text-editor.elementor-drop-cap-view-framed .elementor-drop-cap{color:#69727d;border:3px solid;background-color:transparent}.elementor-widget-text-editor:not(.elementor-drop-cap-view-default) .elementor-drop-cap{margin-top:8px}.elementor-widget-text-editor:not(.elementor-drop-cap-view-default) .elementor-drop-cap-letter{width:1em;height:1em}.elementor-widget-text-editor .elementor-drop-cap{float:left;text-align:center;line-height:1;font-size:50px}.elementor-widget-text-editor .elementor-drop-cap-letter{display:inline-block}<\/style>\t\t\t\t<p><strong>METRA KAB\u0130N S\u0130S. ELEK. SAN. VE T\u0130C. LTD. \u015eT\u0130.<\/strong><\/p><p><strong>\u00c7ALI\u015eAN KVKK ve G\u0130ZL\u0130L\u0130K MUVAFAKATNAMES\u0130<\/strong><\/p><p>\u00a0<\/p><p>METRA KAB\u0130N S\u0130S. ELEK. SAN. VE T\u0130C. LTD. \u015eT\u0130. (\u201c<strong>METRA<\/strong>\u201d) \u00e7al\u0131\u015fan\u0131 (\u201c<strong>\u00c7al\u0131\u015fan<\/strong>\u201d) olarak, 6698 say\u0131l\u0131 Ki\u015fisel Verilerin Korunmas\u0131 Kanunu (\u201c<strong>Kanun<\/strong>\u201d), kamera kay\u0131t sistemleri ve elektronik ileti\u015fim kapsam\u0131nda veri kaynaklar\u0131m\u0131zdan elde etti\u011fimiz ki\u015fisel verilerinizi, <strong>METRA Ki\u015fisel Verilerin Korunmas\u0131 ve \u0130\u015flenmesi Politikas\u0131<\/strong> ile <strong>Saklama ve \u0130mha Politikas\u0131<\/strong> usul ve esaslar\u0131yla i\u015flemekte ve gizli tutmaktay\u0131z. Bu belge ile ayd\u0131nlatma y\u00fck\u00fcml\u00fcl\u00fc\u011f\u00fcn\u00fc yerine getirmekte ve a\u015fa\u011f\u0131da bilgilerinizi sundu\u011fumuz veri sorumlusu s\u0131fat\u0131yla, i\u015f s\u00f6zle\u015fmenize eklenmek \u00fczere, onay\u0131n\u0131z\u0131 istemekteyiz.<\/p><table width=\"558\"><tbody><tr><td width=\"132\"><p><strong>Unvan:<\/strong><\/p><\/td><td width=\"425\"><p>METRA KAB\u0130N S\u0130S. ELEK. SAN. VE T\u0130C. LTD. \u015eT\u0130.<\/p><\/td><\/tr><tr><td width=\"132\"><p><strong>MERS\u0130S Numaras\u0131:<\/strong><\/p><\/td><td width=\"425\"><p>0995052781800015<\/p><\/td><\/tr><tr><td width=\"132\"><p><strong>Adresi:<\/strong><\/p><\/td><td width=\"425\"><p>RAMAZANO\u011eLU MAH.ALTUN SOK.NO.4 PEND\u0130K\/\u0130STANBUL<\/p><\/td><\/tr><tr><td width=\"132\"><p><strong>Telefon:<\/strong><\/p><\/td><td width=\"425\"><p>02163787979<\/p><\/td><\/tr><tr><td width=\"132\"><p><strong>E-mail:<\/strong><\/p><\/td><td width=\"425\"><p>info@metrack.com.tr<\/p><\/td><\/tr><\/tbody><\/table><p>\u00c7al\u0131\u015fanlar\u0131m\u0131z\u0131n kimlik, ileti\u015fim, lokasyon, \u00f6zl\u00fck, hukuki i\u015flem, fiziksel mekan g\u00fcvenli\u011fi, risk y\u00f6netimi, mesleki deneyim, i\u015flem g\u00fcvenli\u011fi, imza, beden \u00f6l\u00e7\u00fcleri, sa\u011fl\u0131k bilgileri, ceza mahk\u00fbmiyeti ve g\u00fcvenlik tedbirleri, aile bilgileri, \u00e7al\u0131\u015fma verileri, imza, web sitesi kullan\u0131m verileri, talep\/\u015fikayet y\u00f6netim bilgisi, olay y\u00f6netimi bilgisi, sigorta bilgileri, ara\u00e7 bilgileri, uyum bilgileri, denetim ve tefti\u015f bilgileri veri kategorisi i\u00e7inde belirtilen ki\u015fisel verilerinizi;<\/p><ul><li>Politika\u2019da belirlenen ama\u00e7lara ba\u011fl\u0131, Kanun\u2019un 5. ve 6. maddelerine uygun olarak elde etmekte, kaydetmekte, depolamakta, muhafaza etmekte, de\u011fi\u015ftirmekte, yeniden d\u00fczenlemekte, a\u00e7\u0131klamakta, aktarmakta, devralmakta, elde edilebilir h\u00e2le getirmekte, s\u0131n\u0131fland\u0131rmakta ya da kullan\u0131m\u0131n\u0131 engelleyebilmekteyiz.<\/li><li>Ki\u015fisel Veri Saklama ve \u0130mha Politikas\u0131\u2019nda \u00f6ng\u00f6r\u00fclen s\u00fcreler boyunca, gereken her t\u00fcrl\u00fc teknik ve idari tedbirler alarak \u00f6zenle korumakta, bu s\u00fcrenin bitimini takip eden bir y\u0131l i\u00e7inde silmekte, yok etmekte veya anonim hale getirmekteyiz.<\/li><li>Korumak i\u00e7in gerekli teknik ve idari g\u00fcvenlik \u00f6nlemleri almakta ve kontrolleri yapmaktay\u0131z.<\/li><li>Yukar\u0131da belirlenen ama\u00e7larla, ger\u00e7ek ki\u015filer veya \u00f6zel hukuk t\u00fczel ki\u015fileri, hissedarlar, i\u015f ortaklar\u0131, tedarik\u00e7iler, yetkili kamu kurum ve kurulu\u015flar\u0131, y\u00f6netim kurulu \u00fcyeleri, m\u00fc\u015fteriler, sosyal medya hesab\u0131m\u0131zda yurt i\u00e7inde, yasal \u015fartlar\u0131n sa\u011flanmas\u0131 halinde yurt d\u0131\u015f\u0131nda payla\u015fabilmekteyiz.<\/li><\/ul><p>METRA\u2019da g\u00fcvenlik, giri\u015f ve \u00e7\u0131k\u0131\u015flar\u0131n kontrol edilmesi, i\u015f sa\u011fl\u0131\u011f\u0131 ve g\u00fcvenli\u011fi, \u00e7al\u0131\u015fma ko\u015fullar\u0131n\u0131n belirlenmesi, performans izleme amac\u0131yla g\u00f6r\u00fcnt\u00fcl\u00fc kamera sistemleri bulunmakta, i\u015fyerinde ge\u00e7irdi\u011finiz s\u00fcre boyunca i\u00e7 ve d\u0131\u015f mek\u00e2nlarda kay\u0131t alt\u0131na al\u0131nmakta, g\u00f6r\u00fcnt\u00fc kay\u0131t sistemleri ile y\u00f6neticilerin belirledi\u011fi \u00fc\u00e7\u00fcnc\u00fc ki\u015filerce takip edilebilmektedir.<\/p><p>\u0130leti\u015fim bilgileriniz \u00fczerinden sundu\u011fumuz \u00fcr\u00fcn ve hizmetlerin tan\u0131t\u0131m\u0131, yeni \u00fcr\u00fcn ve hizmetler, \u00f6zel teklifler i\u00e7in ticari elektronik iletileri izin vermeniz halinde g\u00f6ndermekteyiz. Bu iletimleri talebiniz \u00fczerine durdurmaktay\u0131z.<\/p><p>Kanunun \u201cilgili ki\u015finin haklar\u0131n\u0131 d\u00fczenleyen\u201d 11. maddesi kapsam\u0131ndaki taleplerinizi Politika&#8217;da d\u00fczenlendi\u011fi \u015fekilde,\u00a0 Ba\u015fvuru Formunu<strong> METRA<\/strong>\u2019ya ileterek yapabilirsiniz.<\/p><p><strong>\u00c7al\u0131\u015fan i\u015f gizlili\u011fi kapsam\u0131nda; <\/strong><\/p><ul><li>G\u00f6rev ve sorumluluklar\u0131n\u0131z nedeniyle \u00f6\u011frenilen her t\u00fcrl\u00fc bilgiyi koruma, gizli tutma ve saklama,<\/li><li>Edindi\u011finiz bilgiyi, i\u015f s\u00f6zle\u015fmesi d\u0131\u015f\u0131nda herhangi bir sebeple kullanmama, herhangi bir \u00fc\u00e7\u00fcnc\u00fc \u015fah\u0131s (i\u015fverenin di\u011fer personeli de dahil) veya kurulu\u015fa, i\u015f bu s\u00f6zle\u015fme sona erse dahi, a\u00e7\u0131klamama,<\/li><li>\u0130\u015fverene ait ticari s\u0131rlar, mali bilgiler, m\u00fc\u015fteri bilgileri, materyaller, uygulamalar, dok\u00fcmanlar, bilgisayar ve telekom\u00fcnikasyon sistemleri (donan\u0131m ve yaz\u0131l\u0131m), tasar\u0131mlar, teknikler, metotlar, sistemler, form\u00fcller, kavramlar, end\u00fcstriyel tasar\u0131mlar, marka-patent bilgileri gibi t\u00fcm varl\u0131klar ile \u00e7al\u0131\u015fma s\u00fcreleri i\u00e7erisinde edinilen bilgiler ve\/veya yapm\u0131\u015f oldu\u011funuz t\u00fcm faaliyetler, anla\u015fmalar ve geli\u015ftirdikleri \u00fcr\u00fcnlerin gizli kalma ve i\u015fverenin m\u00fclkiyeti oldu\u011funu kabul etme,<\/li><li>\u015eirket taraf\u0131ndan, taraf\u0131n\u0131za yap\u0131lacak, ayl\u0131k maa\u015f \u00f6demeleri ile prim, ikramiye vb. ek gelirlerimi, hi\u00e7bir suretle \u015firkette \u00e7al\u0131\u015fan ba\u015fka bir \u00e7al\u0131\u015fma arkada\u015f\u0131n\u0131zla ve\/veya \u00fc\u00e7\u00fcnc\u00fc bir \u015fah\u0131sla payla\u015fmama,<\/li><li>\u0130stemeye kanunen a\u00e7\u0131k\u00e7a yetkili ki\u015fi ve mercilere, g\u00f6revin gerektirdi\u011fi durumlar d\u0131\u015f\u0131nda sunmama,<\/li><li>\u00c7al\u0131\u015f\u0131lan d\u00f6nemde veya sonras\u0131nda gizli bilgi ve belgeleri, ki\u015fisel ve \u00f6zel \u00e7\u0131karlar i\u00e7in veya \u00fc\u00e7\u00fcnc\u00fc taraflar yarar\u0131na kullanmama, a\u00e7\u0131klamama ve yaymama,<\/li><li>Elektronik kart ile giri\u015f ve zaman belirleme, elektronik yer belirleme (GPS) kullan\u0131m\u0131n\u0131 kabul etme,<\/li><li>\u0130\u015fveren ve i\u015fverenin m\u00fc\u015fterilerine ait her t\u00fcrl\u00fc s\u0131rlar\u0131 saklama, i\u015fverene zarar verecek davran\u0131\u015flardan ka\u00e7\u0131nma,<\/li><\/ul><p>Y\u00fck\u00fcml\u00fcl\u00fc\u011f\u00fc \u00fcstlenmekte, uymama nedeniyle i\u015fverenin u\u011frayaca\u011f\u0131 her t\u00fcrl\u00fc maddi ve manevi zararlar\u0131 tazmin etme sorumlulu\u011funuz bulunmaktad\u0131r.<\/p><p><strong><em>METRA Ki\u015fisel Verilerin Korunmas\u0131 ve \u0130\u015flenmesi Politikas\u0131, Ki\u015fisel Veri Saklama ve \u0130mha Politikas\u0131, Ba\u015fvuru Formu i\u00e7in \u201cMETRA\u201d adresinden ula\u015fabilirsiniz.<\/em><\/strong><\/p><p>\u00a0<\/p><p><strong>A\u00c7IK RIZA BEYANIM<\/strong><\/p><p>Yukar\u0131da a\u00e7\u0131klanan t\u00fcm hususlarda taraf\u0131ma gerekli ayd\u0131nlatma yap\u0131ld\u0131\u011f\u0131n\u0131, METRA Ki\u015fisel Verilerin Korunmas\u0131 ve \u0130\u015flenmesi Politikas\u0131 ile Saklama ve \u0130mha Politikas\u0131\u2019n\u0131 okudu\u011fumu ve anlad\u0131\u011f\u0131m\u0131, 6698 say\u0131l\u0131 Kanunun 11. maddesi kapsam\u0131ndaki haklar\u0131m\u0131 bildi\u011fimi beyan eder; Veri sorumlusunun g\u00fcvenlik, denetim, sa\u011fl\u0131k gibi me\u015fru menfaatler, s\u00f6zle\u015fme ya da kanundan kaynaklanan nedenlerle s\u00f6zl\u00fc, yaz\u0131l\u0131 ya da elektronik ortamda toplanan ki\u015fisel verilerimin i\u015fleme amac\u0131 ile ba\u011flant\u0131l\u0131, s\u0131n\u0131rl\u0131 ve \u00f6l\u00e7\u00fcl\u00fc i\u015flenmesine, ticari elektronik ileti almay\u0131;<\/p><p>A\u00e7\u0131k R\u0131zam ile Kabul Ediyorum\u00a0\u00a0\u00a0\u00a0\u00a0\u00a0\u00a0\u00a0\u00a0\u00a0\u00a0\u00a0\u00a0\u00a0\u00a0\u00a0\u00a0\u00a0\u00a0\u00a0\u00a0\u00a0\u00a0\u00a0\u00a0\u00a0 Kabul Etmiyorum<\/p><p><strong>Veri Sahibi<\/strong><\/p><p>Ad\u0131 Soyad\u0131\u00a0 :&#8230;&#8230;&#8230;&#8230;&#8230;&#8230;&#8230;&#8230;&#8230;&#8230;&#8230;&#8230;&#8230;..<\/p><p>Tarih\u00a0\u00a0\u00a0\u00a0\u00a0\u00a0\u00a0\u00a0\u00a0\u00a0 :&#8230;&#8230;&#8230;\/&#8230;&#8230;..\/&#8230;&#8230;&#8230;&#8230;&#8230;&#8230;\u00a0\u00a0\u00a0\u00a0\u00a0\u00a0\u00a0\u00a0 \u0130mza\u00a0\u00a0\u00a0\u00a0\u00a0\u00a0\u00a0\u00a0\u00a0\u00a0\u00a0 :&#8230;&#8230;&#8230;&#8230;&#8230;&#8230;&#8230;&#8230;&#8230;&#8230;&#8230;&#8230;.<\/p><p><strong>\u00a0<\/strong><\/p>\t\t\t\t\t\t<\/div>\n\t\t\t\t<\/div>\n\t\t\t\t<\/div>\n\t\t\t\t<\/div>\n\t\t\t\t\t\t\t<\/div>","protected":false},"excerpt":{"rendered":"<p>Metra Kabin \u00c7al\u0131\u015fan Muvafakatnamesi METRA KAB\u0130N S\u0130S. ELEK. SAN. VE T\u0130C. LTD. \u015eT\u0130. \u00c7ALI\u015eAN KVKK ve G\u0130ZL\u0130L\u0130K MUVAFAKATNAMES\u0130 \u00a0 METRA KAB\u0130N S\u0130S. ELEK. SAN. VE T\u0130C. LTD. \u015eT\u0130. (\u201cMETRA\u201d) \u00e7al\u0131\u015fan\u0131 (\u201c\u00c7al\u0131\u015fan\u201d) olarak, 6698 say\u0131l\u0131 Ki\u015fisel Verilerin Korunmas\u0131 Kanunu (\u201cKanun\u201d), kamera kay\u0131t sistemleri ve elektronik ileti\u015fim kapsam\u0131nda veri kaynaklar\u0131m\u0131zdan elde etti\u011fimiz ki\u015fisel verilerinizi, METRA Ki\u015fisel Verilerin [&hellip;]<\/p>","protected":false},"author":1,"featured_media":0,"parent":0,"menu_order":0,"comment_status":"closed","ping_status":"closed","template":"","meta":{"footnotes":""},"class_list":["post-2804","page","type-page","status-publish","hentry"],"_links":{"self":[{"href":"https:\/\/metra.com.tr\/en\/wp-json\/wp\/v2\/pages\/2804","targetHints":{"allow":["GET"]}}],"collection":[{"href":"https:\/\/metra.com.tr\/en\/wp-json\/wp\/v2\/pages"}],"about":[{"href":"https:\/\/metra.com.tr\/en\/wp-json\/wp\/v2\/types\/page"}],"author":[{"embeddable":true,"href":"https:\/\/metra.com.tr\/en\/wp-json\/wp\/v2\/users\/1"}],"replies":[{"embeddable":true,"href":"https:\/\/metra.com.tr\/en\/wp-json\/wp\/v2\/comments?post=2804"}],"version-history":[{"count":7,"href":"https:\/\/metra.com.tr\/en\/wp-json\/wp\/v2\/pages\/2804\/revisions"}],"predecessor-version":[{"id":2817,"href":"https:\/\/metra.com.tr\/en\/wp-json\/wp\/v2\/pages\/2804\/revisions\/2817"}],"wp:attachment":[{"href":"https:\/\/metra.com.tr\/en\/wp-json\/wp\/v2\/media?parent=2804"}],"curies":[{"name":"wp","href":"https:\/\/api.w.org\/{rel}","templated":true}]}}