{"id":2170,"date":"2024-02-22T10:50:10","date_gmt":"2024-02-22T10:50:10","guid":{"rendered":"https:\/\/metra.com.tr\/?page_id=2170"},"modified":"2024-05-04T11:27:17","modified_gmt":"2024-05-04T11:27:17","slug":"masaustu-teshir-standi","status":"publish","type":"page","link":"https:\/\/metra.com.tr\/en\/our-products\/desktop-display-stand\/","title":{"rendered":"DESKTOP DISPLAY STAND"},"content":{"rendered":"<div data-elementor-type=\"wp-page\" data-elementor-id=\"2170\" class=\"elementor elementor-2170\">\n\t\t\t\t\t\t\t<div class=\"elementor-element elementor-element-bbc63d0 e-con-full e-flex e-con e-parent\" data-id=\"bbc63d0\" data-element_type=\"container\" data-settings=\"{&quot;background_background&quot;:&quot;classic&quot;,&quot;content_width&quot;:&quot;full&quot;}\" data-core-v316-plus=\"true\">\n\t\t\t\t<div class=\"elementor-element elementor-element-e85e11c elementor-widget__width-inherit elementor-widget elementor-widget-hub_fancy_heading\" data-id=\"e85e11c\" data-element_type=\"widget\" data-widget_type=\"hub_fancy_heading.default\">\n\t\t\t\t<div class=\"elementor-widget-container\">\n\t\t\t\n\t\t<div id=\"ld-fancy-heading-69e05b2a0b3d5\" class=\"ld-fancy-heading pos-rel\">\n\t\t\t<h1 class=\"ld-fh-element d-inline-block pos-rel  elementor-heading-title lqd-highlight-classic lqd-highlight-grow-left h1\"  > DESKTOP DISPLAY STAND<\/h1>\t\t<\/div>\n\n\t\t\t\t<\/div>\n\t\t\t\t<\/div>\n\t\t\t\t<div class=\"elementor-element elementor-element-6ad4f27 elementor-widget-divider--view-line elementor-widget elementor-widget-divider\" data-id=\"6ad4f27\" data-element_type=\"widget\" data-widget_type=\"divider.default\">\n\t\t\t\t<div class=\"elementor-widget-container\">\n\t\t\t<style>\/*! elementor - v3.18.0 - 20-12-2023 *\/\n.elementor-widget-divider{--divider-border-style:none;--divider-border-width:1px;--divider-color:#0c0d0e;--divider-icon-size:20px;--divider-element-spacing:10px;--divider-pattern-height:24px;--divider-pattern-size:20px;--divider-pattern-url:none;--divider-pattern-repeat:repeat-x}.elementor-widget-divider .elementor-divider{display:flex}.elementor-widget-divider .elementor-divider__text{font-size:15px;line-height:1;max-width:95%}.elementor-widget-divider .elementor-divider__element{margin:0 var(--divider-element-spacing);flex-shrink:0}.elementor-widget-divider .elementor-icon{font-size:var(--divider-icon-size)}.elementor-widget-divider .elementor-divider-separator{display:flex;margin:0;direction:ltr}.elementor-widget-divider--view-line_icon .elementor-divider-separator,.elementor-widget-divider--view-line_text .elementor-divider-separator{align-items:center}.elementor-widget-divider--view-line_icon .elementor-divider-separator:after,.elementor-widget-divider--view-line_icon .elementor-divider-separator:before,.elementor-widget-divider--view-line_text .elementor-divider-separator:after,.elementor-widget-divider--view-line_text .elementor-divider-separator:before{display:block;content:\"\";border-bottom:0;flex-grow:1;border-top:var(--divider-border-width) var(--divider-border-style) var(--divider-color)}.elementor-widget-divider--element-align-left .elementor-divider .elementor-divider-separator>.elementor-divider__svg:first-of-type{flex-grow:0;flex-shrink:100}.elementor-widget-divider--element-align-left .elementor-divider-separator:before{content:none}.elementor-widget-divider--element-align-left .elementor-divider__element{margin-left:0}.elementor-widget-divider--element-align-right .elementor-divider .elementor-divider-separator>.elementor-divider__svg:last-of-type{flex-grow:0;flex-shrink:100}.elementor-widget-divider--element-align-right .elementor-divider-separator:after{content:none}.elementor-widget-divider--element-align-right .elementor-divider__element{margin-right:0}.elementor-widget-divider:not(.elementor-widget-divider--view-line_text):not(.elementor-widget-divider--view-line_icon) .elementor-divider-separator{border-top:var(--divider-border-width) var(--divider-border-style) var(--divider-color)}.elementor-widget-divider--separator-type-pattern{--divider-border-style:none}.elementor-widget-divider--separator-type-pattern.elementor-widget-divider--view-line .elementor-divider-separator,.elementor-widget-divider--separator-type-pattern:not(.elementor-widget-divider--view-line) .elementor-divider-separator:after,.elementor-widget-divider--separator-type-pattern:not(.elementor-widget-divider--view-line) .elementor-divider-separator:before,.elementor-widget-divider--separator-type-pattern:not([class*=elementor-widget-divider--view]) .elementor-divider-separator{width:100%;min-height:var(--divider-pattern-height);-webkit-mask-size:var(--divider-pattern-size) 100%;mask-size:var(--divider-pattern-size) 100%;-webkit-mask-repeat:var(--divider-pattern-repeat);mask-repeat:var(--divider-pattern-repeat);background-color:var(--divider-color);-webkit-mask-image:var(--divider-pattern-url);mask-image:var(--divider-pattern-url)}.elementor-widget-divider--no-spacing{--divider-pattern-size:auto}.elementor-widget-divider--bg-round{--divider-pattern-repeat:round}.rtl .elementor-widget-divider .elementor-divider__text{direction:rtl}.e-con-inner>.elementor-widget-divider,.e-con>.elementor-widget-divider{width:var(--container-widget-width,100%);--flex-grow:var(--container-widget-flex-grow)}<\/style>\t\t<div class=\"elementor-divider\">\n\t\t\t<span class=\"elementor-divider-separator\">\n\t\t\t\t\t\t<\/span>\n\t\t<\/div>\n\t\t\t\t<\/div>\n\t\t\t\t<\/div>\n\t\t\t\t<\/div>\n\t\t<div class=\"elementor-element elementor-element-1bd75e5 e-con-full e-flex e-con e-parent\" data-id=\"1bd75e5\" data-element_type=\"container\" data-settings=\"{&quot;content_width&quot;:&quot;full&quot;}\" data-core-v316-plus=\"true\">\n\t\t<div class=\"elementor-element elementor-element-8680674 e-con-full e-flex e-con e-child\" data-id=\"8680674\" data-element_type=\"container\" data-settings=\"{&quot;content_width&quot;:&quot;full&quot;}\">\n\t\t\t\t<div class=\"elementor-element elementor-element-e38b58f elementor-widget elementor-widget-text-editor\" data-id=\"e38b58f\" data-element_type=\"widget\" data-widget_type=\"text-editor.default\">\n\t\t\t\t<div class=\"elementor-widget-container\">\n\t\t\t<style>\/*! elementor - v3.18.0 - 20-12-2023 *\/\n.elementor-widget-text-editor.elementor-drop-cap-view-stacked .elementor-drop-cap{background-color:#69727d;color:#fff}.elementor-widget-text-editor.elementor-drop-cap-view-framed .elementor-drop-cap{color:#69727d;border:3px solid;background-color:transparent}.elementor-widget-text-editor:not(.elementor-drop-cap-view-default) .elementor-drop-cap{margin-top:8px}.elementor-widget-text-editor:not(.elementor-drop-cap-view-default) .elementor-drop-cap-letter{width:1em;height:1em}.elementor-widget-text-editor .elementor-drop-cap{float:left;text-align:center;line-height:1;font-size:50px}.elementor-widget-text-editor .elementor-drop-cap-letter{display:inline-block}<\/style>\t\t\t\t<p>Displaying and promoting your products effectively forms the basis of a successful sales strategy. This is where special desktop display stands come into play. These stands offer the perfect solution for displaying your products in a remarkable way and attracting the attention of customers.<\/p><p>Our company specialises in metal fabrication and has extensive experience in the design and manufacture of custom desktop display stands. Each stand is customised in accordance with our customers' brand identity and ensures the best display of their products.<\/p><p>Our desktop display stands with durable and aesthetic design are designed to be used in various sectors. They have a wide range of applications from retail stores to cafes and restaurants, from exhibition stands to exhibition areas. Thanks to high quality materials and careful workmanship, we offer long-lasting and reliable products.<\/p><p>We are constantly developing innovative solutions to meet and even exceed our customers' expectations. Each desktop display stand project is realised in close cooperation with our customers and we deliver superior quality products using the latest technology.<\/p><p>If you want to display your products in an impressive way and emphasise your brand, contact us. Our expert team will be pleased to offer you the most suitable desktop display stand solutions.<\/p>\t\t\t\t\t\t<\/div>\n\t\t\t\t<\/div>\n\t\t\t\t<\/div>\n\t\t<div class=\"elementor-element elementor-element-31f8aea e-con-full e-flex e-con e-child\" data-id=\"31f8aea\" data-element_type=\"container\" data-settings=\"{&quot;content_width&quot;:&quot;full&quot;}\">\n\t\t\t\t<div class=\"elementor-element elementor-element-d7cc9e0 elementor-widget__width-auto elementor-widget elementor-widget-ld_button\" data-id=\"d7cc9e0\" data-element_type=\"widget\" data-widget_type=\"ld_button.default\">\n\t\t\t\t<div class=\"elementor-widget-container\">\n\t\t\t\n\t\t\t<a\n\t\t\t\thref=\"#\"class=\"elementor-button btn btn-underlined border-thin btn-icon-shaped btn-no-label\"\t\t\t>\n\t\t\t\t\t\t\t\t\t\t\t<\/a>\n\t\t\t\t\t<\/div>\n\t\t\t\t<\/div>\n\t\t\t\t<\/div>\n\t\t\t\t<\/div>\n\t\t<div class=\"elementor-element elementor-element-c4860a3 e-con-full e-flex e-con e-parent\" data-id=\"c4860a3\" data-element_type=\"container\" data-settings=\"{&quot;content_width&quot;:&quot;full&quot;}\" data-core-v316-plus=\"true\">\n\t\t\t\t<div class=\"elementor-element elementor-element-519e9d3 gallery-spacing-custom elementor-widget elementor-widget-image-gallery\" data-id=\"519e9d3\" data-element_type=\"widget\" data-widget_type=\"image-gallery.default\">\n\t\t\t\t<div class=\"elementor-widget-container\">\n\t\t\t<style>.elementor-image-gallery .gallery-item{display:inline-block;text-align:center;vertical-align:top;width:100%;max-width:100%;margin:0 auto}.elementor-image-gallery .gallery-item img{margin:0 auto}.elementor-image-gallery .gallery-item .gallery-caption{margin:0}.elementor-image-gallery figure img{display:block}.elementor-image-gallery figure figcaption{width:100%}.gallery-spacing-custom .elementor-image-gallery .gallery-icon{padding:0}@media (min-width:768px){.elementor-image-gallery .gallery-columns-2 .gallery-item{max-width:50%}.elementor-image-gallery .gallery-columns-3 .gallery-item{max-width:33.33%}.elementor-image-gallery .gallery-columns-4 .gallery-item{max-width:25%}.elementor-image-gallery .gallery-columns-5 .gallery-item{max-width:20%}.elementor-image-gallery .gallery-columns-6 .gallery-item{max-width:16.666%}.elementor-image-gallery .gallery-columns-7 .gallery-item{max-width:14.28%}.elementor-image-gallery .gallery-columns-8 .gallery-item{max-width:12.5%}.elementor-image-gallery .gallery-columns-9 .gallery-item{max-width:11.11%}.elementor-image-gallery .gallery-columns-10 .gallery-item{max-width:10%}}@media (min-width:480px) and (max-width:767px){.elementor-image-gallery .gallery.gallery-columns-2 .gallery-item,.elementor-image-gallery .gallery.gallery-columns-3 .gallery-item,.elementor-image-gallery .gallery.gallery-columns-4 .gallery-item,.elementor-image-gallery .gallery.gallery-columns-5 .gallery-item,.elementor-image-gallery .gallery.gallery-columns-6 .gallery-item,.elementor-image-gallery .gallery.gallery-columns-7 .gallery-item,.elementor-image-gallery .gallery.gallery-columns-8 .gallery-item,.elementor-image-gallery .gallery.gallery-columns-9 .gallery-item,.elementor-image-gallery .gallery.gallery-columns-10 .gallery-item{max-width:50%}}@media (max-width:479px){.elementor-image-gallery .gallery.gallery-columns-2 .gallery-item,.elementor-image-gallery .gallery.gallery-columns-3 .gallery-item,.elementor-image-gallery .gallery.gallery-columns-4 .gallery-item,.elementor-image-gallery .gallery.gallery-columns-5 .gallery-item,.elementor-image-gallery .gallery.gallery-columns-6 .gallery-item,.elementor-image-gallery .gallery.gallery-columns-7 .gallery-item,.elementor-image-gallery .gallery.gallery-columns-8 .gallery-item,.elementor-image-gallery .gallery.gallery-columns-9 .gallery-item,.elementor-image-gallery .gallery.gallery-columns-10 .gallery-item{max-width:100%}}<\/style>\t\t<div class=\"elementor-image-gallery\">\n\t\t\t<div id='gallery-1' class='gallery galleryid-2170 gallery-columns-4 gallery-size-liquid-style16-lb'><figure class='gallery-item'>\n\t\t\t<div class='gallery-icon landscape'>\n\t\t\t\t<a data-elementor-open-lightbox=\"yes\" data-elementor-lightbox-slideshow=\"519e9d3\" data-elementor-lightbox-title=\"orcus_alt_1a\" data-e-action-hash=\"#elementor-action%3Aaction%3Dlightbox%26settings%3DeyJpZCI6MjMwOCwidXJsIjoiaHR0cHM6XC9cL21ldHJhLmNvbS50clwvd3AtY29udGVudFwvdXBsb2Fkc1wvMjAyNFwvMDJcL29yY3VzX2FsdF8xYS5qcGciLCJzbGlkZXNob3ciOiI1MTllOWQzIn0%3D\" href='https:\/\/metra.com.tr\/wp-content\/uploads\/2024\/02\/orcus_alt_1a.jpg'><img fetchpriority=\"high\" decoding=\"async\" width=\"720\" height=\"400\" src=\"https:\/\/metra.com.tr\/wp-content\/uploads\/2024\/02\/orcus_alt_1a-720x400.jpg\" class=\"attachment-liquid-style16-lb size-liquid-style16-lb\" alt=\"\" itemprop=\"image\" \/><\/a>\n\t\t\t<\/div><\/figure><figure class='gallery-item'>\n\t\t\t<div class='gallery-icon landscape'>\n\t\t\t\t<a data-elementor-open-lightbox=\"yes\" data-elementor-lightbox-slideshow=\"519e9d3\" data-elementor-lightbox-title=\"orcus_alt_1b\" data-e-action-hash=\"#elementor-action%3Aaction%3Dlightbox%26settings%3DeyJpZCI6MjMwOSwidXJsIjoiaHR0cHM6XC9cL21ldHJhLmNvbS50clwvd3AtY29udGVudFwvdXBsb2Fkc1wvMjAyNFwvMDJcL29yY3VzX2FsdF8xYi5qcGciLCJzbGlkZXNob3ciOiI1MTllOWQzIn0%3D\" href='https:\/\/metra.com.tr\/wp-content\/uploads\/2024\/02\/orcus_alt_1b.jpg'><img decoding=\"async\" width=\"720\" height=\"400\" src=\"data:image\/svg+xml;charset=utf-8,%3Csvg xmlns%3D&#039;http%3A%2F%2Fwww.w3.org%2F2000%2Fsvg&#039; viewBox%3D&#039;0 0 720 400&#039;%2F%3E\" class=\"attachment-liquid-style16-lb size-liquid-style16-lb ld-lazyload\" alt=\"\" itemprop=\"image\" data-src=\"https:\/\/metra.com.tr\/wp-content\/uploads\/2024\/02\/orcus_alt_1b-720x400.jpg\" data-aspect=\"1.8\" \/><\/a>\n\t\t\t<\/div><\/figure><figure class='gallery-item'>\n\t\t\t<div class='gallery-icon landscape'>\n\t\t\t\t<a data-elementor-open-lightbox=\"yes\" data-elementor-lightbox-slideshow=\"519e9d3\" data-elementor-lightbox-title=\"orcus_alt_1c\" data-e-action-hash=\"#elementor-action%3Aaction%3Dlightbox%26settings%3DeyJpZCI6MjMxMCwidXJsIjoiaHR0cHM6XC9cL21ldHJhLmNvbS50clwvd3AtY29udGVudFwvdXBsb2Fkc1wvMjAyNFwvMDJcL29yY3VzX2FsdF8xYy5qcGciLCJzbGlkZXNob3ciOiI1MTllOWQzIn0%3D\" href='https:\/\/metra.com.tr\/wp-content\/uploads\/2024\/02\/orcus_alt_1c.jpg'><img decoding=\"async\" width=\"720\" height=\"400\" src=\"data:image\/svg+xml;charset=utf-8,%3Csvg xmlns%3D&#039;http%3A%2F%2Fwww.w3.org%2F2000%2Fsvg&#039; viewBox%3D&#039;0 0 720 400&#039;%2F%3E\" class=\"attachment-liquid-style16-lb size-liquid-style16-lb ld-lazyload\" alt=\"\" itemprop=\"image\" data-src=\"https:\/\/metra.com.tr\/wp-content\/uploads\/2024\/02\/orcus_alt_1c-720x400.jpg\" data-aspect=\"1.8\" \/><\/a>\n\t\t\t<\/div><\/figure><figure class='gallery-item'>\n\t\t\t<div class='gallery-icon landscape'>\n\t\t\t\t<a data-elementor-open-lightbox=\"yes\" data-elementor-lightbox-slideshow=\"519e9d3\" data-elementor-lightbox-title=\"orcus_alt_2a\" data-e-action-hash=\"#elementor-action%3Aaction%3Dlightbox%26settings%3DeyJpZCI6MjMxMSwidXJsIjoiaHR0cHM6XC9cL21ldHJhLmNvbS50clwvd3AtY29udGVudFwvdXBsb2Fkc1wvMjAyNFwvMDJcL29yY3VzX2FsdF8yYS5qcGciLCJzbGlkZXNob3ciOiI1MTllOWQzIn0%3D\" href='https:\/\/metra.com.tr\/wp-content\/uploads\/2024\/02\/orcus_alt_2a.jpg'><img loading=\"lazy\" decoding=\"async\" width=\"720\" height=\"400\" src=\"data:image\/svg+xml;charset=utf-8,%3Csvg xmlns%3D&#039;http%3A%2F%2Fwww.w3.org%2F2000%2Fsvg&#039; viewBox%3D&#039;0 0 720 400&#039;%2F%3E\" class=\"attachment-liquid-style16-lb size-liquid-style16-lb ld-lazyload\" alt=\"\" itemprop=\"image\" data-src=\"https:\/\/metra.com.tr\/wp-content\/uploads\/2024\/02\/orcus_alt_2a-720x400.jpg\" data-aspect=\"1.8\" \/><\/a>\n\t\t\t<\/div><\/figure><figure class='gallery-item'>\n\t\t\t<div class='gallery-icon landscape'>\n\t\t\t\t<a data-elementor-open-lightbox=\"yes\" data-elementor-lightbox-slideshow=\"519e9d3\" data-elementor-lightbox-title=\"orcus_alt_2b\" data-e-action-hash=\"#elementor-action%3Aaction%3Dlightbox%26settings%3DeyJpZCI6MjMxMiwidXJsIjoiaHR0cHM6XC9cL21ldHJhLmNvbS50clwvd3AtY29udGVudFwvdXBsb2Fkc1wvMjAyNFwvMDJcL29yY3VzX2FsdF8yYi5qcGciLCJzbGlkZXNob3ciOiI1MTllOWQzIn0%3D\" href='https:\/\/metra.com.tr\/wp-content\/uploads\/2024\/02\/orcus_alt_2b.jpg'><img loading=\"lazy\" decoding=\"async\" width=\"720\" height=\"400\" src=\"data:image\/svg+xml;charset=utf-8,%3Csvg xmlns%3D&#039;http%3A%2F%2Fwww.w3.org%2F2000%2Fsvg&#039; viewBox%3D&#039;0 0 720 400&#039;%2F%3E\" class=\"attachment-liquid-style16-lb size-liquid-style16-lb ld-lazyload\" alt=\"\" itemprop=\"image\" data-src=\"https:\/\/metra.com.tr\/wp-content\/uploads\/2024\/02\/orcus_alt_2b-720x400.jpg\" data-aspect=\"1.8\" \/><\/a>\n\t\t\t<\/div><\/figure><figure class='gallery-item'>\n\t\t\t<div class='gallery-icon landscape'>\n\t\t\t\t<a data-elementor-open-lightbox=\"yes\" data-elementor-lightbox-slideshow=\"519e9d3\" data-elementor-lightbox-title=\"orcus_alt_3a\" data-e-action-hash=\"#elementor-action%3Aaction%3Dlightbox%26settings%3DeyJpZCI6MjMxMywidXJsIjoiaHR0cHM6XC9cL21ldHJhLmNvbS50clwvd3AtY29udGVudFwvdXBsb2Fkc1wvMjAyNFwvMDJcL29yY3VzX2FsdF8zYS5qcGciLCJzbGlkZXNob3ciOiI1MTllOWQzIn0%3D\" href='https:\/\/metra.com.tr\/wp-content\/uploads\/2024\/02\/orcus_alt_3a.jpg'><img loading=\"lazy\" decoding=\"async\" width=\"720\" height=\"400\" src=\"data:image\/svg+xml;charset=utf-8,%3Csvg xmlns%3D&#039;http%3A%2F%2Fwww.w3.org%2F2000%2Fsvg&#039; viewBox%3D&#039;0 0 720 400&#039;%2F%3E\" class=\"attachment-liquid-style16-lb size-liquid-style16-lb ld-lazyload\" alt=\"\" itemprop=\"image\" data-src=\"https:\/\/metra.com.tr\/wp-content\/uploads\/2024\/02\/orcus_alt_3a-720x400.jpg\" data-aspect=\"1.8\" \/><\/a>\n\t\t\t<\/div><\/figure><figure class='gallery-item'>\n\t\t\t<div class='gallery-icon landscape'>\n\t\t\t\t<a data-elementor-open-lightbox=\"yes\" data-elementor-lightbox-slideshow=\"519e9d3\" data-elementor-lightbox-title=\"orcus_alt4a\" data-e-action-hash=\"#elementor-action%3Aaction%3Dlightbox%26settings%3DeyJpZCI6MjMxNCwidXJsIjoiaHR0cHM6XC9cL21ldHJhLmNvbS50clwvd3AtY29udGVudFwvdXBsb2Fkc1wvMjAyNFwvMDJcL29yY3VzX2FsdDRhLmpwZyIsInNsaWRlc2hvdyI6IjUxOWU5ZDMifQ%3D%3D\" href='https:\/\/metra.com.tr\/wp-content\/uploads\/2024\/02\/orcus_alt4a.jpg'><img loading=\"lazy\" decoding=\"async\" width=\"720\" height=\"400\" src=\"data:image\/svg+xml;charset=utf-8,%3Csvg xmlns%3D&#039;http%3A%2F%2Fwww.w3.org%2F2000%2Fsvg&#039; viewBox%3D&#039;0 0 720 400&#039;%2F%3E\" class=\"attachment-liquid-style16-lb size-liquid-style16-lb ld-lazyload\" alt=\"\" itemprop=\"image\" data-src=\"https:\/\/metra.com.tr\/wp-content\/uploads\/2024\/02\/orcus_alt4a-720x400.jpg\" data-aspect=\"1.8\" \/><\/a>\n\t\t\t<\/div><\/figure><figure class='gallery-item'>\n\t\t\t<div class='gallery-icon landscape'>\n\t\t\t\t<a data-elementor-open-lightbox=\"yes\" data-elementor-lightbox-slideshow=\"519e9d3\" data-elementor-lightbox-title=\"orcus_alt4b\" data-e-action-hash=\"#elementor-action%3Aaction%3Dlightbox%26settings%3DeyJpZCI6MjMxNSwidXJsIjoiaHR0cHM6XC9cL21ldHJhLmNvbS50clwvd3AtY29udGVudFwvdXBsb2Fkc1wvMjAyNFwvMDJcL29yY3VzX2FsdDRiLmpwZyIsInNsaWRlc2hvdyI6IjUxOWU5ZDMifQ%3D%3D\" href='https:\/\/metra.com.tr\/wp-content\/uploads\/2024\/02\/orcus_alt4b.jpg'><img loading=\"lazy\" decoding=\"async\" width=\"720\" height=\"400\" src=\"data:image\/svg+xml;charset=utf-8,%3Csvg xmlns%3D&#039;http%3A%2F%2Fwww.w3.org%2F2000%2Fsvg&#039; viewBox%3D&#039;0 0 720 400&#039;%2F%3E\" class=\"attachment-liquid-style16-lb size-liquid-style16-lb ld-lazyload\" alt=\"\" itemprop=\"image\" data-src=\"https:\/\/metra.com.tr\/wp-content\/uploads\/2024\/02\/orcus_alt4b-720x400.jpg\" data-aspect=\"1.8\" \/><\/a>\n\t\t\t<\/div><\/figure>\n\t\t<\/div>\n\t\t<\/div>\n\t\t\t\t<\/div>\n\t\t\t\t<\/div>\n\t\t\t\t<\/div>\n\t\t<div class=\"elementor-element elementor-element-0b560bf e-con-full e-flex e-con e-parent\" data-id=\"0b560bf\" data-element_type=\"container\" data-settings=\"{&quot;content_width&quot;:&quot;full&quot;}\" data-core-v316-plus=\"true\">\n\t\t<div class=\"elementor-element elementor-element-70a3275 e-con-full e-flex e-con e-child\" data-id=\"70a3275\" data-element_type=\"container\" data-settings=\"{&quot;content_width&quot;:&quot;full&quot;}\">\n\t\t\t\t<div class=\"elementor-element elementor-element-f4b3948 elementor-align-left prev elementor-icon-list--layout-traditional elementor-list-item-link-full_width elementor-widget elementor-widget-icon-list\" data-id=\"f4b3948\" data-element_type=\"widget\" data-widget_type=\"icon-list.default\">\n\t\t\t\t<div class=\"elementor-widget-container\">\n\t\t\t<link rel=\"stylesheet\" href=\"https:\/\/metra.com.tr\/wp-content\/uploads\/elementor\/css\/custom-widget-icon-list.min.css?ver=1719664385\">\t\t<ul class=\"elementor-icon-list-items\">\n\t\t\t\t\t\t\t<li class=\"elementor-icon-list-item\">\n\t\t\t\t\t\t\t\t\t\t\t<a href=\"https:\/\/metra.com.tr\/en\/our-products\/laser-wrought-iron-cutting\/\">\n\n\t\t\t\t\t\t\t\t\t\t\t\t<span class=\"elementor-icon-list-icon\">\n\t\t\t\t\t\t\t<svg aria-hidden=\"true\" class=\"e-font-icon-svg e-fas-chevron-left\" viewbox=\"0 0 320 512\" xmlns=\"http:\/\/www.w3.org\/2000\/svg\"><path d=\"M34.52 239.03L228.87 44.69c9.37-9.37 24.57-9.37 33.94 0l22.67 22.67c9.36 9.36 9.37 24.52.04 33.9L131.49 256l154.02 154.75c9.34 9.38 9.32 24.54-.04 33.9l-22.67 22.67c-9.37 9.37-24.57 9.37-33.94 0L34.52 272.97c-9.37-9.37-9.37-24.57 0-33.94z\"><\/path><\/svg>\t\t\t\t\t\t<\/span>\n\t\t\t\t\t\t\t\t\t\t<span class=\"elementor-icon-list-text\">LASER WROUGHT IRON CUTTING<\/span>\n\t\t\t\t\t\t\t\t\t\t\t<\/a>\n\t\t\t\t\t\t\t\t\t<\/li>\n\t\t\t\t\t\t<\/ul>\n\t\t\t\t<\/div>\n\t\t\t\t<\/div>\n\t\t\t\t<\/div>\n\t\t<div class=\"elementor-element elementor-element-ae49e3d e-con-full e-flex e-con e-child\" data-id=\"ae49e3d\" data-element_type=\"container\" data-settings=\"{&quot;content_width&quot;:&quot;full&quot;}\">\n\t\t\t\t<div class=\"elementor-element elementor-element-161880b elementor-align-right next elementor-icon-list--layout-traditional elementor-list-item-link-full_width elementor-widget elementor-widget-icon-list\" data-id=\"161880b\" data-element_type=\"widget\" data-widget_type=\"icon-list.default\">\n\t\t\t\t<div class=\"elementor-widget-container\">\n\t\t\t\t\t<ul class=\"elementor-icon-list-items\">\n\t\t\t\t\t\t\t<li class=\"elementor-icon-list-item\">\n\t\t\t\t\t\t\t\t\t\t\t<a href=\"https:\/\/metra.com.tr\/en\/our-products\/regulator-frame\/\">\n\n\t\t\t\t\t\t\t\t\t\t\t\t<span class=\"elementor-icon-list-icon\">\n\t\t\t\t\t\t\t<svg aria-hidden=\"true\" class=\"e-font-icon-svg e-fas-chevron-right\" viewbox=\"0 0 320 512\" xmlns=\"http:\/\/www.w3.org\/2000\/svg\"><path d=\"M285.476 272.971L91.132 467.314c-9.373 9.373-24.569 9.373-33.941 0l-22.667-22.667c-9.357-9.357-9.375-24.522-.04-33.901L188.505 256 34.484 101.255c-9.335-9.379-9.317-24.544.04-33.901l22.667-22.667c9.373-9.373 24.569-9.373 33.941 0L285.475 239.03c9.373 9.372 9.373 24.568.001 33.941z\"><\/path><\/svg>\t\t\t\t\t\t<\/span>\n\t\t\t\t\t\t\t\t\t\t<span class=\"elementor-icon-list-text\">REGULATOR CHASSIS<\/span>\n\t\t\t\t\t\t\t\t\t\t\t<\/a>\n\t\t\t\t\t\t\t\t\t<\/li>\n\t\t\t\t\t\t<\/ul>\n\t\t\t\t<\/div>\n\t\t\t\t<\/div>\n\t\t\t\t<\/div>\n\t\t\t\t<\/div>\n\t\t\t\t\t\t\t<\/div>","protected":false},"excerpt":{"rendered":"<p>MASA\u00dcST\u00dc TE\u015eH\u0130R STANDI \u00dcr\u00fcnlerinizi etkili bir \u015fekilde sergilemek ve tan\u0131tmak, ba\u015far\u0131l\u0131 bir sat\u0131\u015f stratejisinin temelini olu\u015fturur. \u0130\u015fte tam da bu noktada, \u00f6zel masa\u00fcst\u00fc te\u015fhir standlar\u0131 devreye girer. Bu standlar, \u00fcr\u00fcnlerinizi dikkat \u00e7ekici bir \u015fekilde sergilemek ve m\u00fc\u015fterilerin ilgisini \u00e7ekmek i\u00e7in m\u00fckemmel bir \u00e7\u00f6z\u00fcm sunar. Firmam\u0131z, metal \u00fcretimi konusunda uzmanla\u015fm\u0131\u015f ve \u00f6zel masa\u00fcst\u00fc te\u015fhir standlar\u0131 tasar\u0131m\u0131 [&hellip;]<\/p>","protected":false},"author":1,"featured_media":0,"parent":1850,"menu_order":0,"comment_status":"closed","ping_status":"closed","template":"","meta":{"footnotes":""},"class_list":["post-2170","page","type-page","status-publish","hentry"],"_links":{"self":[{"href":"https:\/\/metra.com.tr\/en\/wp-json\/wp\/v2\/pages\/2170","targetHints":{"allow":["GET"]}}],"collection":[{"href":"https:\/\/metra.com.tr\/en\/wp-json\/wp\/v2\/pages"}],"about":[{"href":"https:\/\/metra.com.tr\/en\/wp-json\/wp\/v2\/types\/page"}],"author":[{"embeddable":true,"href":"https:\/\/metra.com.tr\/en\/wp-json\/wp\/v2\/users\/1"}],"replies":[{"embeddable":true,"href":"https:\/\/metra.com.tr\/en\/wp-json\/wp\/v2\/comments?post=2170"}],"version-history":[{"count":22,"href":"https:\/\/metra.com.tr\/en\/wp-json\/wp\/v2\/pages\/2170\/revisions"}],"predecessor-version":[{"id":3313,"href":"https:\/\/metra.com.tr\/en\/wp-json\/wp\/v2\/pages\/2170\/revisions\/3313"}],"up":[{"embeddable":true,"href":"https:\/\/metra.com.tr\/en\/wp-json\/wp\/v2\/pages\/1850"}],"wp:attachment":[{"href":"https:\/\/metra.com.tr\/en\/wp-json\/wp\/v2\/media?parent=2170"}],"curies":[{"name":"wp","href":"https:\/\/api.w.org\/{rel}","templated":true}]}}