{"id":1845,"date":"2024-01-09T12:51:35","date_gmt":"2024-01-09T12:51:35","guid":{"rendered":"https:\/\/metra.com.tr\/?page_id=1845"},"modified":"2024-04-08T12:33:37","modified_gmt":"2024-04-08T12:33:37","slug":"hizmetlerimiz","status":"publish","type":"page","link":"https:\/\/metra.com.tr\/en\/hizmetlerimiz\/","title":{"rendered":"Hizmetlerimiz"},"content":{"rendered":"<div data-elementor-type=\"wp-page\" data-elementor-id=\"1845\" class=\"elementor elementor-1845\">\n\t\t\t\t\t\t\t<div class=\"elementor-element elementor-element-ffa2d91 e-flex e-con-boxed e-con e-parent\" data-id=\"ffa2d91\" data-element_type=\"container\" data-settings=\"{&quot;background_background&quot;:&quot;classic&quot;,&quot;content_width&quot;:&quot;boxed&quot;}\" data-core-v316-plus=\"true\">\n\t\t\t\t\t<div class=\"e-con-inner\">\n\t\t\t\t<div class=\"elementor-element elementor-element-b9e03d4 elementor-widget__width-inherit elementor-widget elementor-widget-hub_fancy_heading\" data-id=\"b9e03d4\" data-element_type=\"widget\" data-widget_type=\"hub_fancy_heading.default\">\n\t\t\t\t<div class=\"elementor-widget-container\">\n\t\t\t\n\t\t<div id=\"ld-fancy-heading-69e01918b4989\" class=\"ld-fancy-heading pos-rel\">\n\t\t\t<h1 class=\"ld-fh-element d-inline-block pos-rel  elementor-heading-title lqd-highlight-classic lqd-highlight-grow-left h1\"  > Lazerle Kesilen Harika \u0130\u015fler, Sizin \u0130\u00e7in Yarat\u0131ld\u0131!<\/h1>\t\t<\/div>\n\n\t\t\t\t<\/div>\n\t\t\t\t<\/div>\n\t\t\t\t<div class=\"elementor-element elementor-element-217139a elementor-widget__width-inherit elementor-widget elementor-widget-text-editor\" data-id=\"217139a\" data-element_type=\"widget\" data-widget_type=\"text-editor.default\">\n\t\t\t\t<div class=\"elementor-widget-container\">\n\t\t\t<style>\/*! elementor - v3.18.0 - 20-12-2023 *\/\n.elementor-widget-text-editor.elementor-drop-cap-view-stacked .elementor-drop-cap{background-color:#69727d;color:#fff}.elementor-widget-text-editor.elementor-drop-cap-view-framed .elementor-drop-cap{color:#69727d;border:3px solid;background-color:transparent}.elementor-widget-text-editor:not(.elementor-drop-cap-view-default) .elementor-drop-cap{margin-top:8px}.elementor-widget-text-editor:not(.elementor-drop-cap-view-default) .elementor-drop-cap-letter{width:1em;height:1em}.elementor-widget-text-editor .elementor-drop-cap{float:left;text-align:center;line-height:1;font-size:50px}.elementor-widget-text-editor .elementor-drop-cap-letter{display:inline-block}<\/style>\t\t\t\t<p>Teknolojiyle sanat\u0131n bulu\u015ftu\u011fu yerde, lazerle kesilen \u00fcr\u00fcnlerimizle benzersiz bir deneyim ya\u015fay\u0131n. M\u00fc\u015fterilerimizin ihtiya\u00e7lar\u0131na \u00f6zel tasarlanm\u0131\u015f \u00e7\u00f6z\u00fcmlerimizle, her projede en y\u00fcksek kaliteyi ve hassasiyeti sunuyoruz.<\/p>\t\t\t\t\t\t<\/div>\n\t\t\t\t<\/div>\n\t\t\t\t<div class=\"elementor-element elementor-element-d55a872 elementor-widget__width-auto elementor-widget elementor-widget-ld_button\" data-id=\"d55a872\" data-element_type=\"widget\" data-widget_type=\"ld_button.default\">\n\t\t\t\t<div class=\"elementor-widget-container\">\n\t\t\t\n\t\t\t<a\n\t\t\t\tclass=\"elementor-button btn btn-underlined border-thin btn-icon-shaped btn-no-label\" data-localscroll=\"1\" data-localscroll-options=\"{&quot;scrollBelowSection&quot;:true}\" href=\"#\"\t\t\t>\n\t\t\t\t\t\t\t\t\t\t\t<\/a>\n\t\t\t\t\t<\/div>\n\t\t\t\t<\/div>\n\t\t\t\t\t<\/div>\n\t\t\t\t<\/div>\n\t\t<div class=\"elementor-element elementor-element-9f8b2fe e-con-full e-flex e-con e-parent\" data-id=\"9f8b2fe\" data-element_type=\"container\" data-settings=\"{&quot;content_width&quot;:&quot;full&quot;}\" data-core-v316-plus=\"true\">\n\t\t<div class=\"elementor-element elementor-element-50a5e83 e-con-full e-flex e-con e-child\" data-id=\"50a5e83\" data-element_type=\"container\" data-settings=\"{&quot;content_width&quot;:&quot;full&quot;}\">\n\t\t\t\t<div class=\"elementor-element elementor-element-171181b elementor-widget__width-inherit elementor-widget elementor-widget-hub_fancy_heading\" data-id=\"171181b\" data-element_type=\"widget\" data-widget_type=\"hub_fancy_heading.default\">\n\t\t\t\t<div class=\"elementor-widget-container\">\n\t\t\t\n\t\t<div id=\"ld-fancy-heading-69e01918b6ae3\" class=\"ld-fancy-heading pos-rel\">\n\t\t\t<h1 class=\"ld-fh-element d-inline-block pos-rel  elementor-heading-title lqd-highlight-classic lqd-highlight-grow-left h1\"  > Lazer Kesim Hizmetleri\n<\/h1>\t\t<\/div>\n\n\t\t\t\t<\/div>\n\t\t\t\t<\/div>\n\t\t\t\t<div class=\"elementor-element elementor-element-d8231a5 elementor-widget elementor-widget-text-editor\" data-id=\"d8231a5\" data-element_type=\"widget\" data-widget_type=\"text-editor.default\">\n\t\t\t\t<div class=\"elementor-widget-container\">\n\t\t\t\t\t\t\t<ul data-rte-list=\"default\"><li>Metal lazer kesim<\/li><li>Ah\u015fap lazer kesim<\/li><li>Akrilik ve plastik lazer kesim<\/li><li>Kuma\u015f ve tekstil lazer kesim<\/li><li>Ka\u011f\u0131t ve karton lazer kesim<\/li><\/ul>\t\t\t\t\t\t<\/div>\n\t\t\t\t<\/div>\n\t\t\t\t<\/div>\n\t\t<div class=\"elementor-element elementor-element-f4dba5a e-con-full e-flex e-con e-child\" data-id=\"f4dba5a\" data-element_type=\"container\" data-settings=\"{&quot;content_width&quot;:&quot;full&quot;}\">\n\t\t\t\t<div class=\"elementor-element elementor-element-c7a406c elementor-widget__width-inherit elementor-widget elementor-widget-hub_fancy_heading\" data-id=\"c7a406c\" data-element_type=\"widget\" data-widget_type=\"hub_fancy_heading.default\">\n\t\t\t\t<div class=\"elementor-widget-container\">\n\t\t\t\n\t\t<div id=\"ld-fancy-heading-69e01918b746b\" class=\"ld-fancy-heading pos-rel\">\n\t\t\t<h1 class=\"ld-fh-element d-inline-block pos-rel  elementor-heading-title lqd-highlight-classic lqd-highlight-grow-left h1\"  > CNC Lazer \u0130\u015fleme<\/h1>\t\t<\/div>\n\n\t\t\t\t<\/div>\n\t\t\t\t<\/div>\n\t\t\t\t<div class=\"elementor-element elementor-element-c9a4fbf elementor-widget elementor-widget-text-editor\" data-id=\"c9a4fbf\" data-element_type=\"widget\" data-widget_type=\"text-editor.default\">\n\t\t\t\t<div class=\"elementor-widget-container\">\n\t\t\t\t\t\t\t<ul data-rte-list=\"default\"><li>3D lazer kesim<\/li><li>Kontur kesim<\/li><li>Delme ve i\u015faretleme<\/li><\/ul>\t\t\t\t\t\t<\/div>\n\t\t\t\t<\/div>\n\t\t\t\t<\/div>\n\t\t<div class=\"elementor-element elementor-element-d0c029c e-con-full e-flex e-con e-child\" data-id=\"d0c029c\" data-element_type=\"container\" data-settings=\"{&quot;content_width&quot;:&quot;full&quot;}\">\n\t\t\t\t<div class=\"elementor-element elementor-element-62df949 elementor-widget__width-inherit elementor-widget elementor-widget-hub_fancy_heading\" data-id=\"62df949\" data-element_type=\"widget\" data-widget_type=\"hub_fancy_heading.default\">\n\t\t\t\t<div class=\"elementor-widget-container\">\n\t\t\t\n\t\t<div id=\"ld-fancy-heading-69e01918b7ddb\" class=\"ld-fancy-heading pos-rel\">\n\t\t\t<h1 class=\"ld-fh-element d-inline-block pos-rel  elementor-heading-title lqd-highlight-classic lqd-highlight-grow-left h1\"  > \u00d6zel Tasar\u0131m ve \u00dcretim\n<\/h1>\t\t<\/div>\n\n\t\t\t\t<\/div>\n\t\t\t\t<\/div>\n\t\t\t\t<div class=\"elementor-element elementor-element-02d3256 elementor-widget elementor-widget-text-editor\" data-id=\"02d3256\" data-element_type=\"widget\" data-widget_type=\"text-editor.default\">\n\t\t\t\t<div class=\"elementor-widget-container\">\n\t\t\t\t\t\t\t<ul data-rte-list=\"default\"><li>M\u00fc\u015fteriye \u00f6zel lazer kesim projeleri<\/li><li>Prototip geli\u015ftirme<\/li><li>\u00d6zel tasar\u0131m \u00fcr\u00fcnler<\/li><\/ul>\t\t\t\t\t\t<\/div>\n\t\t\t\t<\/div>\n\t\t\t\t<\/div>\n\t\t\t\t<\/div>\n\t\t<div class=\"elementor-element elementor-element-50b2225 e-con-full e-flex e-con e-parent\" data-id=\"50b2225\" data-element_type=\"container\" data-settings=\"{&quot;content_width&quot;:&quot;full&quot;}\" data-core-v316-plus=\"true\">\n\t\t<div class=\"elementor-element elementor-element-c0a8c3c e-con-full e-flex e-con e-child\" data-id=\"c0a8c3c\" data-element_type=\"container\" data-settings=\"{&quot;content_width&quot;:&quot;full&quot;}\">\n\t\t\t\t<div class=\"elementor-element elementor-element-1f92191 elementor-widget__width-inherit elementor-widget elementor-widget-hub_fancy_heading\" data-id=\"1f92191\" data-element_type=\"widget\" data-widget_type=\"hub_fancy_heading.default\">\n\t\t\t\t<div class=\"elementor-widget-container\">\n\t\t\t\n\t\t<div id=\"ld-fancy-heading-69e01918b8b1a\" class=\"ld-fancy-heading pos-rel\">\n\t\t\t<h1 class=\"ld-fh-element d-inline-block pos-rel  elementor-heading-title lqd-highlight-classic lqd-highlight-grow-left h1\"  > End\u00fcstriyel Uygulamalar\n<\/h1>\t\t<\/div>\n\n\t\t\t\t<\/div>\n\t\t\t\t<\/div>\n\t\t\t\t<div class=\"elementor-element elementor-element-3570e7d elementor-widget elementor-widget-text-editor\" data-id=\"3570e7d\" data-element_type=\"widget\" data-widget_type=\"text-editor.default\">\n\t\t\t\t<div class=\"elementor-widget-container\">\n\t\t\t\t\t\t\t<ul data-rte-list=\"default\"><li>Otomotiv end\u00fcstrisi i\u00e7in par\u00e7a \u00fcretimi<\/li><li>Elektronik end\u00fcstrisi i\u00e7in kasa ve panellerin kesimi<\/li><li>Mobilya end\u00fcstrisi i\u00e7in dekoratif par\u00e7alar\u0131n kesimi<\/li><\/ul>\t\t\t\t\t\t<\/div>\n\t\t\t\t<\/div>\n\t\t\t\t<\/div>\n\t\t<div class=\"elementor-element elementor-element-6edeb88 e-con-full e-flex e-con e-child\" data-id=\"6edeb88\" data-element_type=\"container\" data-settings=\"{&quot;content_width&quot;:&quot;full&quot;}\">\n\t\t\t\t<div class=\"elementor-element elementor-element-43b1003 elementor-widget__width-inherit elementor-widget elementor-widget-hub_fancy_heading\" data-id=\"43b1003\" data-element_type=\"widget\" data-widget_type=\"hub_fancy_heading.default\">\n\t\t\t\t<div class=\"elementor-widget-container\">\n\t\t\t\n\t\t<div id=\"ld-fancy-heading-69e01918b9488\" class=\"ld-fancy-heading pos-rel\">\n\t\t\t<h1 class=\"ld-fh-element d-inline-block pos-rel  elementor-heading-title lqd-highlight-classic lqd-highlight-grow-left h1\"  > Reklam ve Tabela \u00dcretimi<\/h1>\t\t<\/div>\n\n\t\t\t\t<\/div>\n\t\t\t\t<\/div>\n\t\t\t\t<div class=\"elementor-element elementor-element-01b7285 elementor-widget elementor-widget-text-editor\" data-id=\"01b7285\" data-element_type=\"widget\" data-widget_type=\"text-editor.default\">\n\t\t\t\t<div class=\"elementor-widget-container\">\n\t\t\t\t\t\t\t<ul data-rte-list=\"default\"><li>Akrilik ve pleksiglas tabelalar\u0131n kesimi<\/li><li>LED \u0131\u015f\u0131kl\u0131 tabela \u00fcretimi<\/li><li>Logo ve yaz\u0131lar\u0131n lazer kesimi<\/li><\/ul>\t\t\t\t\t\t<\/div>\n\t\t\t\t<\/div>\n\t\t\t\t<\/div>\n\t\t<div class=\"elementor-element elementor-element-5d74823 e-con-full e-flex e-con e-child\" data-id=\"5d74823\" data-element_type=\"container\" data-settings=\"{&quot;content_width&quot;:&quot;full&quot;}\">\n\t\t\t\t<div class=\"elementor-element elementor-element-c7c9dd3 elementor-widget__width-inherit elementor-widget elementor-widget-hub_fancy_heading\" data-id=\"c7c9dd3\" data-element_type=\"widget\" data-widget_type=\"hub_fancy_heading.default\">\n\t\t\t\t<div class=\"elementor-widget-container\">\n\t\t\t\n\t\t<div id=\"ld-fancy-heading-69e01918b9e8e\" class=\"ld-fancy-heading pos-rel\">\n\t\t\t<h1 class=\"ld-fh-element d-inline-block pos-rel  elementor-heading-title lqd-highlight-classic lqd-highlight-grow-left h1\"  > Sanat ve Dekoratif Uygulamalar<\/h1>\t\t<\/div>\n\n\t\t\t\t<\/div>\n\t\t\t\t<\/div>\n\t\t\t\t<div class=\"elementor-element elementor-element-b2ab225 elementor-widget elementor-widget-text-editor\" data-id=\"b2ab225\" data-element_type=\"widget\" data-widget_type=\"text-editor.default\">\n\t\t\t\t<div class=\"elementor-widget-container\">\n\t\t\t\t\t\t\t<ul data-rte-list=\"default\"><li>Duvar panolar\u0131 ve sanat eserlerinin lazer kesimi<\/li><li>Metal, ah\u015fap ve akrilik dekoratif \u00fcr\u00fcnlerin \u00fcretimi<\/li><li>\u00d6zel tasar\u0131m \u00fcr\u00fcnler<\/li><\/ul>\t\t\t\t\t\t<\/div>\n\t\t\t\t<\/div>\n\t\t\t\t<\/div>\n\t\t\t\t<\/div>\n\t\t<div class=\"elementor-element elementor-element-a4b9ab0 e-con-full e-flex e-con e-parent\" data-id=\"a4b9ab0\" data-element_type=\"container\" data-settings=\"{&quot;content_width&quot;:&quot;full&quot;}\" data-core-v316-plus=\"true\">\n\t\t<div class=\"elementor-element elementor-element-8c1aebf e-con-full e-flex e-con e-child\" data-id=\"8c1aebf\" data-element_type=\"container\" data-settings=\"{&quot;content_width&quot;:&quot;full&quot;}\">\n\t\t\t\t<div class=\"elementor-element elementor-element-789238a elementor-widget__width-inherit elementor-widget elementor-widget-hub_fancy_heading\" data-id=\"789238a\" data-element_type=\"widget\" data-widget_type=\"hub_fancy_heading.default\">\n\t\t\t\t<div class=\"elementor-widget-container\">\n\t\t\t\n\t\t<div id=\"ld-fancy-heading-69e01918bac32\" class=\"ld-fancy-heading pos-rel\">\n\t\t\t<h1 class=\"ld-fh-element d-inline-block pos-rel  elementor-heading-title lqd-highlight-classic lqd-highlight-grow-left h1\"  > Markalama ve Numaraland\u0131rma<\/h1>\t\t<\/div>\n\n\t\t\t\t<\/div>\n\t\t\t\t<\/div>\n\t\t\t\t<div class=\"elementor-element elementor-element-96b286c elementor-widget elementor-widget-text-editor\" data-id=\"96b286c\" data-element_type=\"widget\" data-widget_type=\"text-editor.default\">\n\t\t\t\t<div class=\"elementor-widget-container\">\n\t\t\t\t\t\t\t<ul><li>Seri numaralar\u0131n\u0131n ve kodlar\u0131n lazer i\u015faretleme<\/li><li>Logolar\u0131n ve markalar\u0131n malzemelere i\u015flenmesi<\/li><li>Barkodlar\u0131n ve QR kodlar\u0131n\u0131n kesimi<\/li><\/ul>\t\t\t\t\t\t<\/div>\n\t\t\t\t<\/div>\n\t\t\t\t<\/div>\n\t\t<div class=\"elementor-element elementor-element-e4ddce1 e-con-full e-flex e-con e-child\" data-id=\"e4ddce1\" data-element_type=\"container\" data-settings=\"{&quot;content_width&quot;:&quot;full&quot;}\">\n\t\t\t\t<div class=\"elementor-element elementor-element-dc99d75 elementor-widget__width-inherit elementor-widget elementor-widget-hub_fancy_heading\" data-id=\"dc99d75\" data-element_type=\"widget\" data-widget_type=\"hub_fancy_heading.default\">\n\t\t\t\t<div class=\"elementor-widget-container\">\n\t\t\t\n\t\t<div id=\"ld-fancy-heading-69e01918bb590\" class=\"ld-fancy-heading pos-rel\">\n\t\t\t<h1 class=\"ld-fh-element d-inline-block pos-rel  elementor-heading-title lqd-highlight-classic lqd-highlight-grow-left h1\"  > Dan\u0131\u015fmanl\u0131k ve Tasar\u0131m Hizmetleri\n<\/h1>\t\t<\/div>\n\n\t\t\t\t<\/div>\n\t\t\t\t<\/div>\n\t\t\t\t<div class=\"elementor-element elementor-element-a614093 elementor-widget elementor-widget-text-editor\" data-id=\"a614093\" data-element_type=\"widget\" data-widget_type=\"text-editor.default\">\n\t\t\t\t<div class=\"elementor-widget-container\">\n\t\t\t\t\t\t\t<ul data-rte-list=\"default\"><li>Proje dan\u0131\u015fmanl\u0131\u011f\u0131 ve tasar\u0131m deste\u011fi<\/li><li>Malzeme se\u00e7imi ve optimizasyonu<\/li><li>\u00dcretim s\u00fcre\u00e7lerinin iyile\u015ftirilmesi i\u00e7in \u00f6neriler<\/li><\/ul>\t\t\t\t\t\t<\/div>\n\t\t\t\t<\/div>\n\t\t\t\t<\/div>\n\t\t<div class=\"elementor-element elementor-element-d8de8b4 e-con-full e-flex e-con e-child\" data-id=\"d8de8b4\" data-element_type=\"container\" data-settings=\"{&quot;content_width&quot;:&quot;full&quot;}\">\n\t\t\t\t<div class=\"elementor-element elementor-element-274e82b elementor-widget__width-inherit elementor-widget elementor-widget-hub_fancy_heading\" data-id=\"274e82b\" data-element_type=\"widget\" data-widget_type=\"hub_fancy_heading.default\">\n\t\t\t\t<div class=\"elementor-widget-container\">\n\t\t\t\n\t\t<div id=\"ld-fancy-heading-69e01918bbef2\" class=\"ld-fancy-heading pos-rel\">\n\t\t\t\t\t<\/div>\n\n\t\t\t\t<\/div>\n\t\t\t\t<\/div>\n\t\t\t\t<div class=\"elementor-element elementor-element-ee3d3c2 elementor-widget elementor-widget-text-editor\" data-id=\"ee3d3c2\" data-element_type=\"widget\" data-widget_type=\"text-editor.default\">\n\t\t\t\t<div class=\"elementor-widget-container\">\n\t\t\t\t\t\t\t\t\t\t\t\t\t<\/div>\n\t\t\t\t<\/div>\n\t\t\t\t<\/div>\n\t\t\t\t<\/div>\n\t\t\t\t\t\t\t<\/div>","protected":false},"excerpt":{"rendered":"<p>Lazerle Kesilen Harika \u0130\u015fler, Sizin \u0130\u00e7in Yarat\u0131ld\u0131! Teknolojiyle sanat\u0131n bulu\u015ftu\u011fu yerde, lazerle kesilen \u00fcr\u00fcnlerimizle benzersiz bir deneyim ya\u015fay\u0131n. M\u00fc\u015fterilerimizin ihtiya\u00e7lar\u0131na \u00f6zel tasarlanm\u0131\u015f \u00e7\u00f6z\u00fcmlerimizle, her projede en y\u00fcksek kaliteyi ve hassasiyeti sunuyoruz. Lazer Kesim Hizmetleri Metal lazer kesim Ah\u015fap lazer kesim Akrilik ve plastik lazer kesim Kuma\u015f ve tekstil lazer kesim Ka\u011f\u0131t ve karton lazer kesim [&hellip;]<\/p>","protected":false},"author":1,"featured_media":0,"parent":0,"menu_order":0,"comment_status":"closed","ping_status":"closed","template":"","meta":{"footnotes":""},"class_list":["post-1845","page","type-page","status-publish","hentry"],"_links":{"self":[{"href":"https:\/\/metra.com.tr\/en\/wp-json\/wp\/v2\/pages\/1845","targetHints":{"allow":["GET"]}}],"collection":[{"href":"https:\/\/metra.com.tr\/en\/wp-json\/wp\/v2\/pages"}],"about":[{"href":"https:\/\/metra.com.tr\/en\/wp-json\/wp\/v2\/types\/page"}],"author":[{"embeddable":true,"href":"https:\/\/metra.com.tr\/en\/wp-json\/wp\/v2\/users\/1"}],"replies":[{"embeddable":true,"href":"https:\/\/metra.com.tr\/en\/wp-json\/wp\/v2\/comments?post=1845"}],"version-history":[{"count":20,"href":"https:\/\/metra.com.tr\/en\/wp-json\/wp\/v2\/pages\/1845\/revisions"}],"predecessor-version":[{"id":2652,"href":"https:\/\/metra.com.tr\/en\/wp-json\/wp\/v2\/pages\/1845\/revisions\/2652"}],"wp:attachment":[{"href":"https:\/\/metra.com.tr\/en\/wp-json\/wp\/v2\/media?parent=1845"}],"curies":[{"name":"wp","href":"https:\/\/api.w.org\/{rel}","templated":true}]}}