{"id":1779,"date":"2024-01-08T10:42:07","date_gmt":"2024-01-08T10:42:07","guid":{"rendered":"https:\/\/metra.com.tr\/?page_id=1779"},"modified":"2024-04-17T11:05:54","modified_gmt":"2024-04-17T11:05:54","slug":"kurumsal","status":"publish","type":"page","link":"https:\/\/metra.com.tr\/en\/kurumsal\/","title":{"rendered":"Kurumsal"},"content":{"rendered":"<div data-elementor-type=\"wp-page\" data-elementor-id=\"1779\" class=\"elementor elementor-1779\">\n\t\t\t\t\t\t\t<div class=\"elementor-element elementor-element-523c53b e-flex e-con-boxed e-con e-parent\" data-id=\"523c53b\" data-element_type=\"container\" data-settings=\"{&quot;background_background&quot;:&quot;classic&quot;,&quot;content_width&quot;:&quot;boxed&quot;}\" data-core-v316-plus=\"true\">\n\t\t\t\t\t<div class=\"e-con-inner\">\n\t\t\t\t<div class=\"elementor-element elementor-element-086248d elementor-widget__width-inherit elementor-widget elementor-widget-hub_fancy_heading\" data-id=\"086248d\" data-element_type=\"widget\" data-widget_type=\"hub_fancy_heading.default\">\n\t\t\t\t<div class=\"elementor-widget-container\">\n\t\t\t\n\t\t<div id=\"ld-fancy-heading-69e1d2e14dff7\" class=\"ld-fancy-heading pos-rel\">\n\t\t\t<h1 class=\"ld-fh-element d-inline-block pos-rel  elementor-heading-title lqd-highlight-classic lqd-highlight-grow-left h1\"  > \u0130nce Detaylar, Lazer Kesimle Hayat Bulur\n\n<\/h1>\t\t<\/div>\n\n\t\t\t\t<\/div>\n\t\t\t\t<\/div>\n\t\t\t\t<div class=\"elementor-element elementor-element-c80c653 elementor-widget__width-auto elementor-widget elementor-widget-ld_button\" data-id=\"c80c653\" data-element_type=\"widget\" data-widget_type=\"ld_button.default\">\n\t\t\t\t<div class=\"elementor-widget-container\">\n\t\t\t\n\t\t\t<a\n\t\t\t\tclass=\"elementor-button btn btn-underlined border-thin btn-icon-shaped btn-no-label\" data-localscroll=\"1\" data-localscroll-options=\"{&quot;scrollBelowSection&quot;:true}\" href=\"#\"\t\t\t>\n\t\t\t\t\t\t\t\t\t\t\t<\/a>\n\t\t\t\t\t<\/div>\n\t\t\t\t<\/div>\n\t\t\t\t\t<\/div>\n\t\t\t\t<\/div>\n\t\t<div class=\"elementor-element elementor-element-de34e2e e-flex e-con-boxed e-con e-parent\" data-id=\"de34e2e\" data-element_type=\"container\" data-settings=\"{&quot;background_background&quot;:&quot;classic&quot;,&quot;content_width&quot;:&quot;boxed&quot;}\" data-core-v316-plus=\"true\">\n\t\t\t\t\t<div class=\"e-con-inner\">\n\t\t\t\t\t<\/div>\n\t\t\t\t<\/div>\n\t\t<div class=\"elementor-element elementor-element-219aca1 e-flex e-con-boxed e-con e-parent\" data-id=\"219aca1\" data-element_type=\"container\" data-settings=\"{&quot;content_width&quot;:&quot;boxed&quot;}\" data-core-v316-plus=\"true\">\n\t\t\t\t\t<div class=\"e-con-inner\">\n\t\t\t\t<div class=\"elementor-element elementor-element-2e33d27 elementor-widget elementor-widget-text-editor\" data-id=\"2e33d27\" data-element_type=\"widget\" data-widget_type=\"text-editor.default\">\n\t\t\t\t<div class=\"elementor-widget-container\">\n\t\t\t<style>\/*! elementor - v3.18.0 - 20-12-2023 *\/\n.elementor-widget-text-editor.elementor-drop-cap-view-stacked .elementor-drop-cap{background-color:#69727d;color:#fff}.elementor-widget-text-editor.elementor-drop-cap-view-framed .elementor-drop-cap{color:#69727d;border:3px solid;background-color:transparent}.elementor-widget-text-editor:not(.elementor-drop-cap-view-default) .elementor-drop-cap{margin-top:8px}.elementor-widget-text-editor:not(.elementor-drop-cap-view-default) .elementor-drop-cap-letter{width:1em;height:1em}.elementor-widget-text-editor .elementor-drop-cap{float:left;text-align:center;line-height:1;font-size:50px}.elementor-widget-text-editor .elementor-drop-cap-letter{display:inline-block}<\/style>\t\t\t\t<p>Firmam\u0131z, Pendik B\u00f6lgesi&#8217;nde faaliyet g\u00f6stermektedir. De\u011ferli m\u00fc\u015fterilerimize kesintisiz 24 saat hizmet sunan i\u015fleyi\u015fimiz, i\u015flerinizin h\u0131zl\u0131 ve istedi\u011finiz hassasiyette tamamlanmas\u0131na olanak sa\u011flar.<br \/>\u00d6zellikle sac i\u015fleme konusunda uzmanla\u015fm\u0131\u015f olan firmam\u0131z, Trumpf marka lazer kesim cihaz\u0131yla i\u015flerinizi en ince ayr\u0131nt\u0131s\u0131na kadar keserek teslim etmektedir. Ayr\u0131ca, b\u00fck\u00fcm i\u015flemleriniz de titizlikle ger\u00e7ekle\u015ftirilmektedir.<\/p><p>B\u00fck\u00fcm i\u015flemlerinden sonra gerekli kaynak ve boya i\u015flemleri ayr\u0131 bir serviste yap\u0131lmakta ve siz de\u011ferli m\u00fc\u015fterilerimize belirlenen s\u00fcre i\u00e7inde eksiksiz olarak teslim edilmektedir. M\u00fc\u015fteri memnuniyetini her zaman \u00f6ncelik olarak kabul eden firmam\u0131z, temel amac\u0131 olarak m\u00fc\u015fterilerimizin taleplerini h\u0131zl\u0131, ekonomik ve kaliteli bir \u015fekilde kar\u015f\u0131lamak ve bu s\u00fcre\u00e7te bilimsel ve teknolojik \u00e7\u00f6z\u00fcmler sunmak misyonunu benimsemektedir.<\/p><p>Kurulu\u015f amac\u0131m\u0131z, yurt i\u00e7inde katma de\u011ferli \u00e7\u00f6z\u00fcmler sunarak teknolojik geli\u015fmelere h\u0131zla adapte olmak ve m\u00fc\u015fteri ve \u00e7al\u0131\u015fan memnuniyetini en \u00fcst d\u00fczeyde tutarak sekt\u00f6rde \u00f6nc\u00fc bir konuma gelmektir.<\/p><p>Metra Lazer&#8217;i se\u00e7meniz i\u00e7in sundu\u011fumuz avantajlar \u015funlard\u0131r:<br \/>* Sorunsuz ve kaliteli hizmet anlay\u0131\u015f\u0131<br \/>* Y\u00fcksek bilgi birikimine sahip teknik ekip ve destek<br \/>* G\u00fcvenilir ve d\u00fcr\u00fcst i\u015f ili\u015fkileri<br \/>* Proaktif \u00e7\u00f6z\u00fcm ortakl\u0131\u011f\u0131 ve \u00f6zg\u00fcn projeler<br \/>* Zaman\u0131nda teslimat garantisi<br \/>* M\u00fc\u015fteri memnuniyeti odakl\u0131 yakla\u015f\u0131m<br \/>* 7\/24 ula\u015f\u0131labilirlik imkan\u0131<\/p><p>Herhangi bir sorunuz veya talebiniz oldu\u011funda bize rahatl\u0131kla ula\u015fabilirsiniz.<\/p>\t\t\t\t\t\t<\/div>\n\t\t\t\t<\/div>\n\t\t\t\t\t<\/div>\n\t\t\t\t<\/div>\n\t\t\t\t\t\t\t<\/div>","protected":false},"excerpt":{"rendered":"<p>\u0130nce Detaylar, Lazer Kesimle Hayat Bulur Firmam\u0131z, Pendik B\u00f6lgesi&#8217;nde faaliyet g\u00f6stermektedir. De\u011ferli m\u00fc\u015fterilerimize kesintisiz 24 saat hizmet sunan i\u015fleyi\u015fimiz, i\u015flerinizin h\u0131zl\u0131 ve istedi\u011finiz hassasiyette tamamlanmas\u0131na olanak sa\u011flar.\u00d6zellikle sac i\u015fleme konusunda uzmanla\u015fm\u0131\u015f olan firmam\u0131z, Trumpf marka lazer kesim cihaz\u0131yla i\u015flerinizi en ince ayr\u0131nt\u0131s\u0131na kadar keserek teslim etmektedir. Ayr\u0131ca, b\u00fck\u00fcm i\u015flemleriniz de titizlikle ger\u00e7ekle\u015ftirilmektedir. B\u00fck\u00fcm i\u015flemlerinden sonra [&hellip;]<\/p>","protected":false},"author":1,"featured_media":0,"parent":0,"menu_order":0,"comment_status":"closed","ping_status":"closed","template":"","meta":{"footnotes":""},"class_list":["post-1779","page","type-page","status-publish","hentry"],"_links":{"self":[{"href":"https:\/\/metra.com.tr\/en\/wp-json\/wp\/v2\/pages\/1779","targetHints":{"allow":["GET"]}}],"collection":[{"href":"https:\/\/metra.com.tr\/en\/wp-json\/wp\/v2\/pages"}],"about":[{"href":"https:\/\/metra.com.tr\/en\/wp-json\/wp\/v2\/types\/page"}],"author":[{"embeddable":true,"href":"https:\/\/metra.com.tr\/en\/wp-json\/wp\/v2\/users\/1"}],"replies":[{"embeddable":true,"href":"https:\/\/metra.com.tr\/en\/wp-json\/wp\/v2\/comments?post=1779"}],"version-history":[{"count":27,"href":"https:\/\/metra.com.tr\/en\/wp-json\/wp\/v2\/pages\/1779\/revisions"}],"predecessor-version":[{"id":2946,"href":"https:\/\/metra.com.tr\/en\/wp-json\/wp\/v2\/pages\/1779\/revisions\/2946"}],"wp:attachment":[{"href":"https:\/\/metra.com.tr\/en\/wp-json\/wp\/v2\/media?parent=1779"}],"curies":[{"name":"wp","href":"https:\/\/api.w.org\/{rel}","templated":true}]}}